{"id":1302,"date":"2020-02-02T12:48:07","date_gmt":"2020-02-02T11:48:07","guid":{"rendered":"http:\/\/ateliersophro.com\/?page_id=1302"},"modified":"2020-06-30T09:11:41","modified_gmt":"2020-06-30T07:11:41","slug":"conditions-generales-dinscriptions","status":"publish","type":"page","link":"https:\/\/www.ateliersophro.com\/index.php\/formations-qvt\/conditions-generales-dinscriptions\/","title":{"rendered":"Conditions g\u00e9n\u00e9rales d&rsquo;inscriptions"},"content":{"rendered":"<p>&nbsp;<\/p>\n<ol>\n<li><b> DEMANDE D\u2019INSCRIPTION<\/b><\/li>\n<\/ol>\n<p><b>Toute demande d\u2019inscription \u00e0 une formation peut \u00eatre formul\u00e9e par \u00e9crit \u00e0 l\u2019aide du bulletin d\u2019inscription ci-apr\u00e8s,\u00a0<\/b><b>par t\u00e9l\u00e9phone ou par internet depuis notre site par le futur stagiaire y compris dans le cas de prise en charge par un employeur ou un OPCA.<\/b><\/p>\n<p>&nbsp;<\/p>\n<ol start=\"2\">\n<li><b> CONFIRMATION D\u2019INSCRIPTION<\/b><\/li>\n<\/ol>\n<p><b>D\u00e8s r\u00e9ception de la demande d\u2019inscription, un contrat de formation (ou une convention pour une entreprise) accompagn\u00e9 du programme de la formation, de l\u2019\u00e9ch\u00e9ancier de r\u00e8glement, des conditions d\u2019annulation, de l\u2019autorisation de pr\u00e9l\u00e8vement et du r\u00e8glement int\u00e9rieur de l\u2019\u00e9cole est adress\u00e9 au futur stagiaire. L\u2019inscription est valid\u00e9e lorsque LADS re\u00e7oit le contrat de formation, le programme de formation, le r\u00e8glement int\u00e9rieur et l\u2019autorisation de pr\u00e9l\u00e8vement sign\u00e9s par le stagiaire. L\u2019inscription devient d\u00e9finitive lorsque les 10 jours de r\u00e9tractation suivants la date de signature du contrat sont \u00e9coul\u00e9s (article L6353-6 du Code du Travail). Pour les prises en charge des OPCA ou entreprises, l\u2019inscription est r\u00e9put\u00e9e d\u00e9finitive lorsque l\u2019accord de prise en charge est re\u00e7u par LADS.<\/b><\/p>\n<p>&nbsp;<\/p>\n<ol start=\"3\">\n<li><b> CONVOCATION ET ATTESTATION DE SUIVI DE FORMATION<\/b><\/li>\n<\/ol>\n<p><b>Trente jours avant le d\u00e9but de la formation, une convocation pr\u00e9cisant la date, le lieu et les horaires de la formation, est adress\u00e9e au stagiaire par mail ou par courrier postal. A l\u2019issue de la formation, une attestation de suivi de formation est adress\u00e9e au stagiaire par mail ou par courrier postal.<\/b><\/p>\n<p>&nbsp;<\/p>\n<ol start=\"4\">\n<li><b> ANNULATION<\/b><\/li>\n<\/ol>\n<p><b>Toute demande d\u2019annulation d\u2019une inscription \u00e0 l\u2019initiative du responsable de l\u2019inscription doit \u00eatre notifi\u00e9e par \u00e9crit \u00e0 LADS.<\/b><\/p>\n<p><b>Sauf cas de force majeure d\u00fbment reconnu par LADS, toute annulation d\u2019inscription effectu\u00e9e apr\u00e8s la p\u00e9riode de r\u00e9tractation pr\u00e9vue contractuellement ou en cas d\u2019absence du participant inscrit, LADS facturera un d\u00e9dit de 100 % du prix de la formation. Dans le cas d\u2019une prise en charge OPCA, ce montant est non imputable sur le budget formation de l\u2019entreprise inscrite. Toute formation commenc\u00e9e est due en totalit\u00e9. <\/b><\/p>\n<p>&nbsp;<\/p>\n<ol start=\"5\">\n<li><b> TARIFS &#8211; PAIEMENT<\/b><\/li>\n<\/ol>\n<p><b>LADS \u00e9tant assujetti \u00e0 la TVA, les prix des formations sont indiqu\u00e9s en Euro HT et ne comprennent pas les frais de restauration, et d\u2019h\u00e9bergement. Sauf modalit\u00e9s contraires, les factures \u00e9mises par LADS sont payables comptant et sans escompte, au plus tard \u00e0 la date d\u2019\u00e9ch\u00e9ance figurant sur celles-ci, par ch\u00e8que ou virement. A d\u00e9faut, des p\u00e9nalit\u00e9s de retard \u00e0 un taux annuel \u00e9gal \u00e0 trois fois le taux de l\u2019int\u00e9r\u00eat l\u00e9gal seront factur\u00e9es. Ces p\u00e9nalit\u00e9s de retard sont exigibles le jour suivant la date de r\u00e8glement figurant sur la facture. En cas de non r\u00e8glement des factures \u00e0 l\u2019\u00e9ch\u00e9ance convenue, le client devra rembourser tous les frais occasionn\u00e9s par le recouvrement contentieux des sommes dues. Toute facture recouvr\u00e9e par service contentieux sera major\u00e9e \u00e0 titre de clause p\u00e9nale non r\u00e9ductible au sens de l\u2019article 1229 du Code civil, d\u2019une indemnit\u00e9 fix\u00e9e forfaitairement \u00e0 20 % du montant des factures impay\u00e9es et ce, sans pr\u00e9judice des dommages et int\u00e9r\u00eats qui pourraient lui \u00eatre dus. En cas de prise en charge du paiement d\u2019une facture par un organisme payeur ext\u00e9rieur, il appartient au responsable de l\u2019inscription, de communiquer \u00e0 cet organisme tous les \u00e9l\u00e9ments qui lui sont indispensables pour assurer le paiement. Si celui-ci n\u2019\u00e9tait pas effectu\u00e9, LADS serait fond\u00e9 \u00e0 r\u00e9clamer le montant de ce paiement \u00e0 l\u2019entreprise ou la personne inscrite, solidairement d\u00e9bitrice \u00e0 son \u00e9gard et le montant des p\u00e9nalit\u00e9s pour retard de paiement.<\/b><\/p>\n<p>&nbsp;<\/p>\n<ol start=\"6\">\n<li><b> ELECTION DE DOMICILE<\/b><\/li>\n<\/ol>\n<p><b>Pour l\u2019ex\u00e9cution du Contrat, les parties conviennent de faire \u00e9lection de domicile au si\u00e8ge de LADS, \u00e0 Courbevoie<\/b><\/p>\n<p>&nbsp;<\/p>\n<ol start=\"7\">\n<li><b> COMP\u00c9TENCE &#8211; CONTESTATION<\/b><\/li>\n<\/ol>\n<p><b>Sera seul comp\u00e9tent en cas de litige de toute nature ou de contestation relative \u00e0 la formation ou l\u2019ex\u00e9cution de la commande, le Tribunal de Commerce de Paris ou son Pr\u00e9sident en mati\u00e8re de r\u00e9f\u00e9r\u00e9 \u00e0 moins que LADS ne pr\u00e9f\u00e8re saisir toute autre juridiction comp\u00e9tente. Le Client accepte cette attribution de juridiction sans aucune restriction, ni r\u00e9serve.<\/b><\/p>\n<p>&nbsp;<\/p>\n","protected":false},"excerpt":{"rendered":"<p>&nbsp; DEMANDE D\u2019INSCRIPTION Toute demande d\u2019inscription \u00e0 une formation peut \u00eatre formul\u00e9e par \u00e9crit \u00e0 l\u2019aide du bulletin d\u2019inscription ci-apr\u00e8s,\u00a0par t\u00e9l\u00e9phone ou par internet depuis notre site par le futur stagiaire y compris dans le cas de prise en charge par un employeur ou un OPCA. &nbsp; CONFIRMATION D\u2019INSCRIPTION D\u00e8s r\u00e9ception de la demande d\u2019inscription, [&hellip;]<\/p>\n","protected":false},"author":1,"featured_media":0,"parent":1295,"menu_order":0,"comment_status":"closed","ping_status":"closed","template":"","meta":{"om_disable_all_campaigns":false,"footnotes":""},"class_list":["post-1302","page","type-page","status-publish","hentry"],"aioseo_notices":[],"_links":{"self":[{"href":"https:\/\/www.ateliersophro.com\/index.php\/wp-json\/wp\/v2\/pages\/1302","targetHints":{"allow":["GET"]}}],"collection":[{"href":"https:\/\/www.ateliersophro.com\/index.php\/wp-json\/wp\/v2\/pages"}],"about":[{"href":"https:\/\/www.ateliersophro.com\/index.php\/wp-json\/wp\/v2\/types\/page"}],"author":[{"embeddable":true,"href":"https:\/\/www.ateliersophro.com\/index.php\/wp-json\/wp\/v2\/users\/1"}],"replies":[{"embeddable":true,"href":"https:\/\/www.ateliersophro.com\/index.php\/wp-json\/wp\/v2\/comments?post=1302"}],"version-history":[{"count":2,"href":"https:\/\/www.ateliersophro.com\/index.php\/wp-json\/wp\/v2\/pages\/1302\/revisions"}],"predecessor-version":[{"id":1990,"href":"https:\/\/www.ateliersophro.com\/index.php\/wp-json\/wp\/v2\/pages\/1302\/revisions\/1990"}],"up":[{"embeddable":true,"href":"https:\/\/www.ateliersophro.com\/index.php\/wp-json\/wp\/v2\/pages\/1295"}],"wp:attachment":[{"href":"https:\/\/www.ateliersophro.com\/index.php\/wp-json\/wp\/v2\/media?parent=1302"}],"curies":[{"name":"wp","href":"https:\/\/api.w.org\/{rel}","templated":true}]}}