{"id":158,"date":"2018-05-01T11:43:39","date_gmt":"2018-05-01T09:43:39","guid":{"rendered":"http:\/\/ateliersophro.com\/?page_id=158"},"modified":"2023-06-24T18:18:10","modified_gmt":"2023-06-24T16:18:10","slug":"les-ateliers-en-entreprises","status":"publish","type":"page","link":"https:\/\/www.ateliersophro.com\/index.php\/les-ateliers-en-entreprises\/","title":{"rendered":"Les ateliers en entreprises"},"content":{"rendered":"<p><strong>Pour quoi des s\u00e9ances en entreprises ?<\/strong><\/p>\n<ul>\n<li>Pour favoriser la coh\u00e9sion de groupe<\/li>\n<li>Le bien-\u00eatre au travail<\/li>\n<li>Favoriser la concentration<\/li>\n<li>R\u00e9duire le stress<\/li>\n<\/ul>\n<p><strong>Quelle organisation pr\u00e9voir ?<\/strong><\/p>\n<ul>\n<li>En\u00a0 distanciel ou en pr\u00e9sentiel (dans ce cas pr\u00e9voir une salle de r\u00e9union suffisamment grande et calme avec une chaise par participant)<\/li>\n<li>Des groupes ferm\u00e9s avec un objectif et une progression vers l&rsquo;objectif en 8 \u00e0 10 s\u00e9ances<\/li>\n<li>Des groupes ouverts pour un moment de d\u00e9tente avec astuces et techniques pour g\u00e9rer son stress et am\u00e9liorer sa concentration<\/li>\n<\/ul>\n","protected":false},"excerpt":{"rendered":"<p>Pour quoi des s\u00e9ances en entreprises ? Pour favoriser la coh\u00e9sion de groupe Le bien-\u00eatre au travail Favoriser la concentration R\u00e9duire le stress Quelle organisation pr\u00e9voir ? En\u00a0 distanciel ou en pr\u00e9sentiel (dans ce cas pr\u00e9voir une salle de r\u00e9union suffisamment grande et calme avec une chaise par participant) Des groupes ferm\u00e9s avec un objectif [&hellip;]<\/p>\n","protected":false},"author":1,"featured_media":0,"parent":0,"menu_order":0,"comment_status":"closed","ping_status":"closed","template":"","meta":{"om_disable_all_campaigns":false,"footnotes":""},"class_list":["post-158","page","type-page","status-publish","hentry"],"aioseo_notices":[],"_links":{"self":[{"href":"https:\/\/www.ateliersophro.com\/index.php\/wp-json\/wp\/v2\/pages\/158","targetHints":{"allow":["GET"]}}],"collection":[{"href":"https:\/\/www.ateliersophro.com\/index.php\/wp-json\/wp\/v2\/pages"}],"about":[{"href":"https:\/\/www.ateliersophro.com\/index.php\/wp-json\/wp\/v2\/types\/page"}],"author":[{"embeddable":true,"href":"https:\/\/www.ateliersophro.com\/index.php\/wp-json\/wp\/v2\/users\/1"}],"replies":[{"embeddable":true,"href":"https:\/\/www.ateliersophro.com\/index.php\/wp-json\/wp\/v2\/comments?post=158"}],"version-history":[{"count":2,"href":"https:\/\/www.ateliersophro.com\/index.php\/wp-json\/wp\/v2\/pages\/158\/revisions"}],"predecessor-version":[{"id":3625,"href":"https:\/\/www.ateliersophro.com\/index.php\/wp-json\/wp\/v2\/pages\/158\/revisions\/3625"}],"wp:attachment":[{"href":"https:\/\/www.ateliersophro.com\/index.php\/wp-json\/wp\/v2\/media?parent=158"}],"curies":[{"name":"wp","href":"https:\/\/api.w.org\/{rel}","templated":true}]}}