{"id":1948,"date":"2020-04-11T18:37:48","date_gmt":"2020-04-11T16:37:48","guid":{"rendered":"http:\/\/ateliersophro.com\/?page_id=1948"},"modified":"2020-04-11T18:44:39","modified_gmt":"2020-04-11T16:44:39","slug":"sophro-kids","status":"publish","type":"page","link":"https:\/\/www.ateliersophro.com\/index.php\/sophro-kids\/","title":{"rendered":"SOPHRO KIDS"},"content":{"rendered":"<p>Bonjour \u00e0 tous,<\/p>\n<p>Pendant cette p\u00e9riode difficile pour beaucoup d&rsquo;entre vous, les consultations individuelles pour les enfants sont possibles sur demande en t\u00e9l\u00e9consultations avec des cr\u00e9neaux restreints. Le cabinet est ferm\u00e9 et les ateliers famille sont suspendus.<\/p>\n<p>Pour aider de mon mieux, je posterai des mini-s\u00e9ances de sophrologie sur YouTube dont une grande partie d\u00e9di\u00e9e aux enfants de 4-10 ans (Sophro Kids).<\/p>\n<div dir=\"auto\">&#8211; N&rsquo;h\u00e9sitez pas \u00e0 faire r\u00e9p\u00e9ter l&rsquo;exercice \u00e0 votre enfant, la sophrologie fonctionne sur un principe d&rsquo;entrainement !<\/div>\n<div dir=\"auto\">&#8211; Soyez \u00e0 l&rsquo;\u00e9coute des besoins de votre enfant : s&rsquo;il pr\u00e9f\u00e8re revoir une autre vid\u00e9o pour refaire un des autres exercices c&rsquo;est qu&rsquo;il s&rsquo;agit de son besoin du moment, laissez le refaire l&rsquo;exercice en question puis reproposez de nouveaux exercices ult\u00e9rieurement. Il en tirera plus de b\u00e9n\u00e9fices.<\/div>\n<div dir=\"auto\">&#8211; N&rsquo;h\u00e9sitez pas \u00e0 faire les exercices avec les enfants <span class=\"q9uorilb tbxw36s4 knj5qynh kvgmc6g5 ditlmg2l oygrvhab nvdbi5me fgm26odu gl3lb2sf hhz5lgdu\" aria-label=\"\ud83d\ude09\"><span aria-hidden=\"true\"><img decoding=\"async\" src=\"https:\/\/static.xx.fbcdn.net\/images\/emoji.php\/v9\/tf6\/2\/16\/1f609.png\" alt=\"\" width=\"16\" height=\"16\" \/><\/span><\/span> Ils sont parfois en miroir de nos propres \u00e9motions !<\/div>\n<div class=\"o9v6fnle cxmmr5t8 oygrvhab hcukyx3x c1et5uql ii04i59q\">\n<p dir=\"auto\">&#8211; N&rsquo;h\u00e9sitez pas \u00e0 m&rsquo;envoyer vos commentaires, questions et\u00a0 avis sur la page Facebook, Youtube ou Instagram.<\/p>\n<p dir=\"auto\">Bonnes s\u00e9ances et prenez soin de vous,<\/p>\n<p dir=\"auto\">Caroline Jolivet<\/p>\n<p dir=\"auto\"><img fetchpriority=\"high\" decoding=\"async\" class=\"alignleft size-full wp-image-1936\" src=\"http:\/\/ateliersophro.com\/wp-content\/uploads\/2020\/03\/Copy-of-PROMO-Programme-Les-Ateliers-1.jpg\" alt=\"\" width=\"3200\" height=\"1800\" srcset=\"https:\/\/www.ateliersophro.com\/wp-content\/uploads\/2020\/03\/Copy-of-PROMO-Programme-Les-Ateliers-1.jpg 3200w, https:\/\/www.ateliersophro.com\/wp-content\/uploads\/2020\/03\/Copy-of-PROMO-Programme-Les-Ateliers-1-300x169.jpg 300w, https:\/\/www.ateliersophro.com\/wp-content\/uploads\/2020\/03\/Copy-of-PROMO-Programme-Les-Ateliers-1-768x432.jpg 768w, https:\/\/www.ateliersophro.com\/wp-content\/uploads\/2020\/03\/Copy-of-PROMO-Programme-Les-Ateliers-1-1024x576.jpg 1024w, https:\/\/www.ateliersophro.com\/wp-content\/uploads\/2020\/03\/Copy-of-PROMO-Programme-Les-Ateliers-1-533x300.jpg 533w\" sizes=\"(max-width: 3200px) 100vw, 3200px\" \/><\/p>\n<\/div>\n<p>[embedyt] https:\/\/www.youtube.com\/embed?listType=playlist&amp;list=UUsZLzrhbJiW2Q8vwk0HsrZg&amp;layout=gallery[\/embedyt]<\/p>\n<p>Pour vous abonner \u00e0 la cha\u00eene Youtube :\u00a0https:\/\/www.youtube.com\/channel\/UCsZLzrhbJiW2Q8vwk0HsrZg<\/p>\n<p>&nbsp;<\/p>\n<p>&nbsp;<\/p>\n","protected":false},"excerpt":{"rendered":"<p>Bonjour \u00e0 tous, Pendant cette p\u00e9riode difficile pour beaucoup d&rsquo;entre vous, les consultations individuelles pour les enfants sont possibles sur demande en t\u00e9l\u00e9consultations avec des cr\u00e9neaux restreints. Le cabinet est ferm\u00e9 et les ateliers famille sont suspendus. Pour aider de mon mieux, je posterai des mini-s\u00e9ances de sophrologie sur YouTube dont une grande partie d\u00e9di\u00e9e [&hellip;]<\/p>\n","protected":false},"author":1,"featured_media":1936,"parent":0,"menu_order":0,"comment_status":"closed","ping_status":"closed","template":"","meta":{"om_disable_all_campaigns":false,"footnotes":""},"class_list":["post-1948","page","type-page","status-publish","has-post-thumbnail","hentry"],"aioseo_notices":[],"_links":{"self":[{"href":"https:\/\/www.ateliersophro.com\/index.php\/wp-json\/wp\/v2\/pages\/1948","targetHints":{"allow":["GET"]}}],"collection":[{"href":"https:\/\/www.ateliersophro.com\/index.php\/wp-json\/wp\/v2\/pages"}],"about":[{"href":"https:\/\/www.ateliersophro.com\/index.php\/wp-json\/wp\/v2\/types\/page"}],"author":[{"embeddable":true,"href":"https:\/\/www.ateliersophro.com\/index.php\/wp-json\/wp\/v2\/users\/1"}],"replies":[{"embeddable":true,"href":"https:\/\/www.ateliersophro.com\/index.php\/wp-json\/wp\/v2\/comments?post=1948"}],"version-history":[{"count":2,"href":"https:\/\/www.ateliersophro.com\/index.php\/wp-json\/wp\/v2\/pages\/1948\/revisions"}],"predecessor-version":[{"id":1952,"href":"https:\/\/www.ateliersophro.com\/index.php\/wp-json\/wp\/v2\/pages\/1948\/revisions\/1952"}],"wp:featuredmedia":[{"embeddable":true,"href":"https:\/\/www.ateliersophro.com\/index.php\/wp-json\/wp\/v2\/media\/1936"}],"wp:attachment":[{"href":"https:\/\/www.ateliersophro.com\/index.php\/wp-json\/wp\/v2\/media?parent=1948"}],"curies":[{"name":"wp","href":"https:\/\/api.w.org\/{rel}","templated":true}]}}