{"id":2114,"date":"2020-09-26T12:32:58","date_gmt":"2020-09-26T10:32:58","guid":{"rendered":"http:\/\/ateliersophro.com\/?page_id=2114"},"modified":"2020-09-26T12:32:58","modified_gmt":"2020-09-26T10:32:58","slug":"supervision-digitale-pour-therapeutes","status":"publish","type":"page","link":"https:\/\/www.ateliersophro.com\/index.php\/supervision-digitale-pour-therapeutes\/","title":{"rendered":"Supervision digitale pour th\u00e9rapeutes"},"content":{"rendered":"\n\t\t\t\t<img fetchpriority=\"high\" decoding=\"async\" src=\"http:\/\/ateliersophro.com\/wp-content\/uploads\/2020\/09\/Copy-of-PROMO-Programme-Les-Ateliers-10.png\" alt=\"Copy of PROMO - Programme Les Ateliers (10)\" itemprop=\"image\" height=\"720\" width=\"1280\" title=\"Copy of PROMO - Programme Les Ateliers (10)\" onerror=\"this.style.display='none'\"  \/>\n\t<h4><strong>Vous \u00eates th\u00e9rapeutes et vous souhaitez comprendre comment d\u00e9velopper ou am\u00e9liorer votre pr\u00e9sence sur internet et les r\u00e9seaux sociaux ? Faire le point, \u00e9changer et poser toutes vos questions ?<\/strong><br \/>\n<strong>Je suis sophrologue et hypnoth\u00e9rapeute, ancienne responsable de projets digitaux, conceptrice de site internet et applications mobiles.<\/strong><br \/>\n<strong>Une fois par trimestre environ, je remets ma casquette de chef de projet pour aider mes coll\u00e8gues th\u00e9rapeutes \u00e0 y voir plus clair dans les options qu&rsquo;ils ont devant eux.<\/strong><\/h4>\nN&rsquo;h\u00e9sitez pas \u00e0 me contacter pour toutes questions cjolivet@ateliersophro.com<br \/>\n2 formats :\n<ul>\n<li><strong>3 heures d&rsquo;atelier en ligne (via ZOOM)<\/strong><br \/>\nOffre de lancement 99 euros au lieu de 150 euros<\/li>\n<li>3 jours de formation \u00e0 la cr\u00e9ation de son site internet sous WordPress<br \/>\nOffre de lancement 380 euros au lieu de 600 euros<\/li>\n<\/ul>\n<p>&nbsp;<\/p>\n<p><strong>3 heures d&rsquo;atelier en ligne :<\/strong><\/p>\n<p>Posez-moi vos questions avant la formation et elles seront abord\u00e9es par th\u00e8mes pendant la formation.<\/p>\n<p>Exemples de th\u00e8mes :<\/p>\n<p>&#8211; Quelles options pour avoir un site internet ? Faire ou faire faire ?<\/p>\n<p>&#8211; Pr\u00e9sence digitale : o\u00f9 \u00eatre pr\u00e9sent ? Pages jaunes, Google business ?<\/p>\n<p>&#8211; Communication digitale ? Nom de domaine, r\u00e9f\u00e9rencement, newsletter, r\u00e9seaux sociaux ?<\/p>\n<p><strong>3 jours de formations en ligne :<\/strong><\/p>\n<p>&#8211; Apprendre directement \u00e0 cr\u00e9er son site internet sous WordPress pour \u00eatre autonome !<\/p>\n<p>&nbsp;<\/p>\n<p>LADS est un organisme de formation datadock\u00e9.<\/p>\n<p>Renseignez-vous aupr\u00e8s des organismes financeurs pour une \u00e9ventuelle prise en charge.<\/p>\n<p>&nbsp;<\/p>\n<p><a href=\"https:\/\/www.eventbrite.fr\/e\/billets-supervision-digitale-pour-therapeutes-115176544144\" target=\"_blank\" rel=\"noopener\">INSCRIPTION : https:\/\/www.eventbrite.fr\/e\/billets-supervision-digitale-pour-therapeutes-115176544144<\/a><\/p>\n","protected":false},"excerpt":{"rendered":"<p>Vous \u00eates th\u00e9rapeutes et vous souhaitez comprendre comment d\u00e9velopper ou am\u00e9liorer votre pr\u00e9sence sur internet et les r\u00e9seaux sociaux ? Faire le point, \u00e9changer et poser toutes vos questions ? Je suis sophrologue et hypnoth\u00e9rapeute, ancienne responsable de projets digitaux, conceptrice de site internet et applications mobiles. Une fois par trimestre environ, je remets ma [&hellip;]<\/p>\n","protected":false},"author":1,"featured_media":0,"parent":0,"menu_order":0,"comment_status":"closed","ping_status":"closed","template":"","meta":{"om_disable_all_campaigns":false,"footnotes":""},"class_list":["post-2114","page","type-page","status-publish","hentry"],"aioseo_notices":[],"_links":{"self":[{"href":"https:\/\/www.ateliersophro.com\/index.php\/wp-json\/wp\/v2\/pages\/2114","targetHints":{"allow":["GET"]}}],"collection":[{"href":"https:\/\/www.ateliersophro.com\/index.php\/wp-json\/wp\/v2\/pages"}],"about":[{"href":"https:\/\/www.ateliersophro.com\/index.php\/wp-json\/wp\/v2\/types\/page"}],"author":[{"embeddable":true,"href":"https:\/\/www.ateliersophro.com\/index.php\/wp-json\/wp\/v2\/users\/1"}],"replies":[{"embeddable":true,"href":"https:\/\/www.ateliersophro.com\/index.php\/wp-json\/wp\/v2\/comments?post=2114"}],"version-history":[{"count":2,"href":"https:\/\/www.ateliersophro.com\/index.php\/wp-json\/wp\/v2\/pages\/2114\/revisions"}],"predecessor-version":[{"id":2117,"href":"https:\/\/www.ateliersophro.com\/index.php\/wp-json\/wp\/v2\/pages\/2114\/revisions\/2117"}],"wp:attachment":[{"href":"https:\/\/www.ateliersophro.com\/index.php\/wp-json\/wp\/v2\/media?parent=2114"}],"curies":[{"name":"wp","href":"https:\/\/api.w.org\/{rel}","templated":true}]}}