{"id":2208,"date":"2021-12-01T09:24:50","date_gmt":"2021-12-01T08:24:50","guid":{"rendered":"http:\/\/ateliersophro.com\/?page_id=2208"},"modified":"2021-12-01T09:24:50","modified_gmt":"2021-12-01T08:24:50","slug":"emdr","status":"publish","type":"page","link":"https:\/\/www.ateliersophro.com\/index.php\/emdr\/","title":{"rendered":"EMDR"},"content":{"rendered":"\n\n\t<p>La th\u00e9rapie EMDR (<strong>Eye Movement Desensitization and Reprocessing)<\/strong> a \u00e9t\u00e9 mise au point par Francine Shapiro dans les ann\u00e9es 80. Elle s&rsquo;appuie sur des <strong>mouvements oculaires, similaires aux mouvements rapides des yeux pendant le sommeil<\/strong>, qui permettent de \u00ab\u00a0ranger les informations de la journ\u00e9e\u00a0\u00bb,\u00a0 les \u00ab\u00a0retraiter\u00a0\u00bb et apaiser la charge \u00e9motionnelle.<\/p>\n<p>Cette technique particuli\u00e8rement utilis\u00e9e dans le traitement du stress post-traumatique, peut l&rsquo;\u00eatre pour tout \u00e9v\u00e9nement ayant laiss\u00e9 dans le pr\u00e9sent une charge \u00e9motionnelle intense.<\/p>\n<p>Quelques exemples :<\/p>\n<p>&#8211;<em> Lors d&rsquo;une situation conflictuelle au travail, vous vous mettez dans une col\u00e8re monstre. Vous vous sentez d\u00e9bord\u00e9.e par l&rsquo;\u00e9motion et trouvez que vous avez surr\u00e9agit . Vous auriez aim\u00e9 \u00ab\u00a0laisser glisser\u00a0\u00bb la petite phrase, le ton, la posture mais impossible, \u00ab\u00a0c&rsquo;\u00e9tait plus fort que vous\u00a0\u00bb.<\/em><\/p>\n<p><em>&#8211; Vous avez v\u00e9cu un accouchement tr\u00e8s difficile pour votre premier enfant et aujourd&rsquo;hui vous envisagez d&rsquo;agrandir la famille mais l&rsquo;id\u00e9e m\u00eame de revivre un accouchement si difficile rend le projet impossible. Rien que d&rsquo;y penser, vous \u00eates en prise \u00e0 des manifestations corporelles de stress tr\u00e8s fort ?<\/em><\/p>\n<p><em>&#8211; Au travail ou avec des ami.e.s, impossible de prendre la parole m\u00eame sur un sujet que vous connaissez. L&rsquo;id\u00e9e qu&rsquo;on puisse avoir un avis n\u00e9gatif sur ce que vous allez dire ou sur vous-m\u00eame vous paralyse ?<\/em><\/p>\n<p>Dans ce type de situation, il est possible qu&rsquo;il y ait dans votre pass\u00e9 un \u00e9v\u00e9nement qui ait suscit\u00e9 la m\u00eame pens\u00e9e, la m\u00eame \u00e9motion ? L&rsquo;id\u00e9e par exemple d&rsquo;\u00eatre \u00ab\u00a0nul.le\u00a0\u00bb, d&rsquo;\u00eatre en danger, de ne plus \u00eatre aim\u00e9.e ?<\/p>\n<p>Les mouvements oculaires vont permettre de partant d&rsquo;une situation soit actuelle soit de votre pass\u00e9, de \u00ab\u00a0ranger le souvenir traumatique\u00a0\u00bb. Non pas pour l&rsquo;oublier mais afin de pouvoir s&rsquo;en d\u00e9tacher et de se d\u00e9tacher de l&rsquo;influence qu&rsquo;il a dans votre quotidien, malgr\u00e9 vous.<\/p>\n<p>L&rsquo;hypnose pourra \u00e9galement accompagner ce genre de probl\u00e9matiques. Le suivi psychologique, et la possibilit\u00e9 d&rsquo;\u00e9laborer, de mettre du sens sur des \u00e9motions et des \u00e9venments difficiles, est toujours utile et l&rsquo;hypnose et les mouvements oculaires ne remplacent pas ce suivi.<\/p>\n<p>Si vous avez des questions, n&rsquo;h\u00e9sitez pas \u00e0 me <a href=\"http:\/\/ateliersophro.com\/index.php\/contact-2\/\">contacter<\/a>.<\/p>\n<p>Caroline Jolivet<\/p>\n<p>&nbsp;<\/p>\n\n","protected":false},"excerpt":{"rendered":"<p>La th\u00e9rapie EMDR (Eye Movement Desensitization and Reprocessing) a \u00e9t\u00e9 mise au point par Francine Shapiro dans les ann\u00e9es 80. Elle s&rsquo;appuie sur des mouvements oculaires, similaires aux mouvements rapides des yeux pendant le sommeil, qui permettent de \u00ab\u00a0ranger les informations de la journ\u00e9e\u00a0\u00bb,\u00a0 les \u00ab\u00a0retraiter\u00a0\u00bb et apaiser la charge \u00e9motionnelle. Cette technique particuli\u00e8rement utilis\u00e9e [&hellip;]<\/p>\n","protected":false},"author":1,"featured_media":0,"parent":0,"menu_order":0,"comment_status":"closed","ping_status":"closed","template":"","meta":{"om_disable_all_campaigns":false,"footnotes":""},"class_list":["post-2208","page","type-page","status-publish","hentry"],"aioseo_notices":[],"_links":{"self":[{"href":"https:\/\/www.ateliersophro.com\/index.php\/wp-json\/wp\/v2\/pages\/2208","targetHints":{"allow":["GET"]}}],"collection":[{"href":"https:\/\/www.ateliersophro.com\/index.php\/wp-json\/wp\/v2\/pages"}],"about":[{"href":"https:\/\/www.ateliersophro.com\/index.php\/wp-json\/wp\/v2\/types\/page"}],"author":[{"embeddable":true,"href":"https:\/\/www.ateliersophro.com\/index.php\/wp-json\/wp\/v2\/users\/1"}],"replies":[{"embeddable":true,"href":"https:\/\/www.ateliersophro.com\/index.php\/wp-json\/wp\/v2\/comments?post=2208"}],"version-history":[{"count":4,"href":"https:\/\/www.ateliersophro.com\/index.php\/wp-json\/wp\/v2\/pages\/2208\/revisions"}],"predecessor-version":[{"id":2482,"href":"https:\/\/www.ateliersophro.com\/index.php\/wp-json\/wp\/v2\/pages\/2208\/revisions\/2482"}],"wp:attachment":[{"href":"https:\/\/www.ateliersophro.com\/index.php\/wp-json\/wp\/v2\/media?parent=2208"}],"curies":[{"name":"wp","href":"https:\/\/api.w.org\/{rel}","templated":true}]}}