{"id":2290,"date":"2021-11-01T10:15:36","date_gmt":"2021-11-01T09:15:36","guid":{"rendered":"http:\/\/ateliersophro.com\/?page_id=2290"},"modified":"2021-11-15T14:18:01","modified_gmt":"2021-11-15T13:18:01","slug":"repare-mon-coeur","status":"publish","type":"page","link":"https:\/\/www.ateliersophro.com\/index.php\/repare-mon-coeur\/","title":{"rendered":"R\u00e9pare mon c\u0153ur"},"content":{"rendered":"\n<div class=\"wp-block-image\"><figure class=\"aligncenter\"><img fetchpriority=\"high\" decoding=\"async\" width=\"1024\" height=\"507\" src=\"http:\/\/ateliersophro.com\/wp-content\/uploads\/2021\/11\/Repare-mon-coeur-COUVPRECARRE-V2OCTOBRE2021_1-1024x507.jpg\" alt=\"\" class=\"wp-image-2316\" srcset=\"https:\/\/www.ateliersophro.com\/wp-content\/uploads\/2021\/11\/Repare-mon-coeur-COUVPRECARRE-V2OCTOBRE2021_1-1024x507.jpg 1024w, https:\/\/www.ateliersophro.com\/wp-content\/uploads\/2021\/11\/Repare-mon-coeur-COUVPRECARRE-V2OCTOBRE2021_1-300x148.jpg 300w, https:\/\/www.ateliersophro.com\/wp-content\/uploads\/2021\/11\/Repare-mon-coeur-COUVPRECARRE-V2OCTOBRE2021_1-768x380.jpg 768w, https:\/\/www.ateliersophro.com\/wp-content\/uploads\/2021\/11\/Repare-mon-coeur-COUVPRECARRE-V2OCTOBRE2021_1-1536x760.jpg 1536w, https:\/\/www.ateliersophro.com\/wp-content\/uploads\/2021\/11\/Repare-mon-coeur-COUVPRECARRE-V2OCTOBRE2021_1-2048x1014.jpg 2048w, https:\/\/www.ateliersophro.com\/wp-content\/uploads\/2021\/11\/Repare-mon-coeur-COUVPRECARRE-V2OCTOBRE2021_1-606x300.jpg 606w\" sizes=\"(max-width: 1024px) 100vw, 1024px\" \/><\/figure><\/div>\n\n\n\n<p><br>Je suis heureuse de vous partager ce premier conte &#8211; guide d&rsquo;activit\u00e9s pour l&rsquo;enfant en deuil, issu de mon exp\u00e9rience.<\/p>\n\n\n\n<p><br>Peut-on r\u00e9parer les c\u0153urs bless\u00e9s ? Comment appr\u00e9hender la souffrance psychique de l\u2019enfant en deuil ? Comment aborder le deuil \u00e0 l\u2019\u00e2ge o\u00f9 l\u2019enfant n\u2019a pas encore atteint cette phase de compr\u00e9hension dans son d\u00e9veloppement ? Comment lui reconna\u00eetre sa douleur et l\u2019aider \u00e0 s\u2019apaiser ? Comment l\u2019aider \u00e0 construire une s\u00e9curit\u00e9 int\u00e9rieure ab\u00eem\u00e9e aussi t\u00f4t dans son existence ?<\/p>\n\n\n\n<p><br>Autant de questions qui m\u2019ont taraud\u00e9e d\u00e8s que j\u2019ai eu \u00e0 y faire face pour mes enfants \u00e2g\u00e9s de 2 et 6 ans \u00e0 la mort brutale de leur p\u00e8re.<br>Si l\u2019accompagnement psychologique est essentiel et m\u00eame d\u00e9terminant dans la reconstruction, j\u2019ai explor\u00e9, entre nos s\u00e9ances, nombre de solutions pour aider et apaiser mes enfants, au point de me former \u00e0 la m\u00e9ditation, la sophrologie et l\u2019hypnose et finalement en faire mon nouveau m\u00e9tier. R\u00e9pare mon c\u0153ur est une parabole du Kintsugi, la philosophie ancestrale, un art de r\u00e9silience qui invite \u00e0 embellir ses blessures et cicatrices en les raccommodant avec de la poudre d\u2019or plut\u00f4t que de les cacher.<br>Il ne s\u2019agit pas ici d\u2019\u00e9voquer les \u00e9tapes du deuil mais de proposer un support aux proches et th\u00e9rapeutes qui accompagnent le jeune enfant sur son chemin de deuil. Faciliter la parole, l\u2019aider \u00e0 mettre des mots sur ses sensations, ses \u00e9motions mais aussi lui permettre de se relier \u00e0 des ressources \u00e0 sa disposition afin de progressivement tisser une nouvelle forme de lien avec la personne d\u00e9c\u00e9d\u00e9e. \u00c9voquer les qualit\u00e9s de la personne disparue, ce qu\u2019elle a \u00e9t\u00e9 de son vivant et ce qui symboliquement se poursuit pour l\u2019enfant gr\u00e2ce aux souvenirs et aux r\u00e9cits.<\/p>\n\n\n\n<p><br>J&rsquo;ai \u00e9crit ce petit conte \/ guide d&rsquo;activit\u00e9s pour ceux qui accompagnent l&rsquo;enfant en deuil. Les proches ou les th\u00e9rapeutes comme support de s\u00e9ance. Il est issu de ma propre exp\u00e9rience et j&rsquo;esp\u00e8re qu&rsquo;il aidera ceux qui en ont besoin et \u00e0 qui j&rsquo;adresse mon soutien le plus chaleureux.<\/p>\n\n\n\n<p><br>Caroline Jolivet Sophrologue, hypnoth\u00e9rapeute<\/p>\n\n\n\n<figure class=\"wp-block-image size-large\"><img decoding=\"async\" width=\"1024\" height=\"576\" src=\"http:\/\/ateliersophro.com\/wp-content\/uploads\/2021\/11\/3-1024x576.jpg\" alt=\"\" class=\"wp-image-2294\" srcset=\"https:\/\/www.ateliersophro.com\/wp-content\/uploads\/2021\/11\/3-1024x576.jpg 1024w, https:\/\/www.ateliersophro.com\/wp-content\/uploads\/2021\/11\/3-300x169.jpg 300w, https:\/\/www.ateliersophro.com\/wp-content\/uploads\/2021\/11\/3-768x432.jpg 768w, https:\/\/www.ateliersophro.com\/wp-content\/uploads\/2021\/11\/3-1536x864.jpg 1536w, https:\/\/www.ateliersophro.com\/wp-content\/uploads\/2021\/11\/3-533x300.jpg 533w, https:\/\/www.ateliersophro.com\/wp-content\/uploads\/2021\/11\/3.jpg 1920w\" sizes=\"(max-width: 1024px) 100vw, 1024px\" \/><\/figure>\n\n\n\n<p><\/p>\n","protected":false},"excerpt":{"rendered":"<p>Je suis heureuse de vous partager ce premier conte &#8211; guide d&rsquo;activit\u00e9s pour l&rsquo;enfant en deuil, issu de mon exp\u00e9rience. Peut-on r\u00e9parer les c\u0153urs bless\u00e9s ? Comment appr\u00e9hender la souffrance psychique de l\u2019enfant en deuil ? Comment aborder le deuil \u00e0 l\u2019\u00e2ge o\u00f9 l\u2019enfant n\u2019a pas encore atteint cette phase de compr\u00e9hension dans son d\u00e9veloppement [&hellip;]<\/p>\n","protected":false},"author":1,"featured_media":2291,"parent":0,"menu_order":0,"comment_status":"closed","ping_status":"closed","template":"","meta":{"om_disable_all_campaigns":false,"footnotes":""},"class_list":["post-2290","page","type-page","status-publish","has-post-thumbnail","hentry"],"aioseo_notices":[],"_links":{"self":[{"href":"https:\/\/www.ateliersophro.com\/index.php\/wp-json\/wp\/v2\/pages\/2290","targetHints":{"allow":["GET"]}}],"collection":[{"href":"https:\/\/www.ateliersophro.com\/index.php\/wp-json\/wp\/v2\/pages"}],"about":[{"href":"https:\/\/www.ateliersophro.com\/index.php\/wp-json\/wp\/v2\/types\/page"}],"author":[{"embeddable":true,"href":"https:\/\/www.ateliersophro.com\/index.php\/wp-json\/wp\/v2\/users\/1"}],"replies":[{"embeddable":true,"href":"https:\/\/www.ateliersophro.com\/index.php\/wp-json\/wp\/v2\/comments?post=2290"}],"version-history":[{"count":8,"href":"https:\/\/www.ateliersophro.com\/index.php\/wp-json\/wp\/v2\/pages\/2290\/revisions"}],"predecessor-version":[{"id":2317,"href":"https:\/\/www.ateliersophro.com\/index.php\/wp-json\/wp\/v2\/pages\/2290\/revisions\/2317"}],"wp:featuredmedia":[{"embeddable":true,"href":"https:\/\/www.ateliersophro.com\/index.php\/wp-json\/wp\/v2\/media\/2291"}],"wp:attachment":[{"href":"https:\/\/www.ateliersophro.com\/index.php\/wp-json\/wp\/v2\/media?parent=2290"}],"curies":[{"name":"wp","href":"https:\/\/api.w.org\/{rel}","templated":true}]}}