{"id":231,"date":"2018-05-07T08:52:25","date_gmt":"2018-05-07T06:52:25","guid":{"rendered":"http:\/\/ateliersophro.com\/index.php\/events\/"},"modified":"2023-06-24T17:02:27","modified_gmt":"2023-06-24T15:02:27","slug":"ateliers-de-sophrologie-courbevoie","status":"publish","type":"page","link":"https:\/\/www.ateliersophro.com\/index.php\/ateliers-de-sophrologie-courbevoie\/","title":{"rendered":"Calendrier des ateliers de sophrologie :"},"content":{"rendered":"\n<p class=\"has-pale-cyan-blue-background-color has-background\"><strong><em>NOUVEAUX ATELIERS<\/em><\/strong> Contactez-moi et pr\u00e9ciser votre choix d&rsquo;inscription (sous r\u00e9serve de disponibilit\u00e9s)<\/p>\n\n\n\n<p><\/p>\n\n\n\n<h2 class=\"wp-block-heading\" id=\"ma-cicatrice-invisible-travailler-sur-la-perte-d-une-facon-complementaire-pour-continuer-a-apaiser-la-blessure\">Mind Mind Me : Equilibre perso et pro<\/h2>\n\n\n\n<h4 class=\"wp-block-heading\" id=\"ma-cicatrice-invisible-travailler-sur-la-perte-d-une-facon-complementaire-pour-continuer-a-apaiser-la-blessure\">Epuisement professionnel, difficult\u00e9 \u00e0 atteindre ses objectifs ou \u00e0 se sentir \u00e9panoui.e ? Lors de ce nouvel atelier en petit groupe, je vous propose de travailler sur la notion d&rsquo;\u00e9quilibre en utilisant des techniques de sophrologie ainsi qu&rsquo;un outil ludique : la carte mentale. <\/h4>\n\n\n\n<div class=\"wp-block-buttons is-layout-flex wp-block-buttons-is-layout-flex\">\n<div class=\"wp-block-button\"><a class=\"wp-block-button__link wp-element-button\" href=\"http:\/\/ateliersophro.com\/index.php\/contact-2\/\">Contact<\/a><\/div>\n<\/div>\n\n\n\n<figure class=\"wp-block-image size-full\"><img fetchpriority=\"high\" decoding=\"async\" width=\"940\" height=\"788\" src=\"http:\/\/ateliersophro.com\/wp-content\/uploads\/2023\/06\/Insta-Atelier-MindMapMe-1.jpg\" alt=\"\" class=\"wp-image-3609\" srcset=\"https:\/\/www.ateliersophro.com\/wp-content\/uploads\/2023\/06\/Insta-Atelier-MindMapMe-1.jpg 940w, https:\/\/www.ateliersophro.com\/wp-content\/uploads\/2023\/06\/Insta-Atelier-MindMapMe-1-300x251.jpg 300w, https:\/\/www.ateliersophro.com\/wp-content\/uploads\/2023\/06\/Insta-Atelier-MindMapMe-1-768x644.jpg 768w\" sizes=\"(max-width: 940px) 100vw, 940px\" \/><\/figure>\n\n\n\n<p><\/p>\n\n\n\n<h2 class=\"wp-block-heading\" id=\"ma-cicatrice-invisible-travailler-sur-la-perte-d-une-facon-complementaire-pour-continuer-a-apaiser-la-blessure\">Ma parfaite imperfection : Acceptation de soi &amp; Kintsugi<\/h2>\n\n\n\n<h4 class=\"wp-block-heading\" id=\"ma-cicatrice-invisible-travailler-sur-la-perte-d-une-facon-complementaire-pour-continuer-a-apaiser-la-blessure\">Lors de ce nouvel atelier en petit groupe, je vous propose de travailler sur l&rsquo;image de soi, l&rsquo;acceptation de soi. Lors de cet atelier de 2 heures, pr\u00e9parez un objet en c\u00e9ramique que vous voulez r\u00e9parer et sublimer telle qu&rsquo;une assiette, une tasse, un bol avec 2 brisures maximum. Le reste du mat\u00e9riel sera fourni.<\/h4>\n\n\n\n<div class=\"wp-block-buttons is-layout-flex wp-block-buttons-is-layout-flex\">\n<div class=\"wp-block-button\"><a class=\"wp-block-button__link wp-element-button\" href=\"http:\/\/ateliersophro.com\/index.php\/contact-2\/\">Contact<\/a><\/div>\n<\/div>\n\n\n\n<figure class=\"wp-block-image size-full\"><img decoding=\"async\" width=\"940\" height=\"788\" src=\"http:\/\/ateliersophro.com\/wp-content\/uploads\/2023\/06\/parfaiteimperfection-1.jpg\" alt=\"\" class=\"wp-image-3608\" srcset=\"https:\/\/www.ateliersophro.com\/wp-content\/uploads\/2023\/06\/parfaiteimperfection-1.jpg 940w, https:\/\/www.ateliersophro.com\/wp-content\/uploads\/2023\/06\/parfaiteimperfection-1-300x251.jpg 300w, https:\/\/www.ateliersophro.com\/wp-content\/uploads\/2023\/06\/parfaiteimperfection-1-768x644.jpg 768w\" sizes=\"(max-width: 940px) 100vw, 940px\" \/><\/figure>\n\n\n\n<p><\/p>\n\n\n\n<h2 class=\"wp-block-heading\" id=\"ma-cicatrice-invisible-travailler-sur-la-perte-d-une-facon-complementaire-pour-continuer-a-apaiser-la-blessure\">Ma cicatrice invisible : Deuil &amp; Kintsugi<\/h2>\n\n\n\n<h4 class=\"wp-block-heading\" id=\"ma-cicatrice-invisible-travailler-sur-la-perte-d-une-facon-complementaire-pour-continuer-a-apaiser-la-blessure\">Lors de ce nouvel atelier en petit groupe, je vous propose de travailler sur la perte d&rsquo;une fa\u00e7on compl\u00e9mentaire pour continuer \u00e0 apaiser la blessure. Lors de cet atelier de 2 heures, pr\u00e9parez un objet en c\u00e9ramique que vous voulez r\u00e9parer et sublimer telle qu&rsquo;une assiette, une tasse, un bol avec 2 brisures maximum. Le reste du mat\u00e9riel sera fourni.<\/h4>\n\n\n\n<p><\/p>\n\n\n\n<figure class=\"wp-block-image size-full\"><img decoding=\"async\" width=\"940\" height=\"788\" src=\"http:\/\/ateliersophro.com\/wp-content\/uploads\/2023\/06\/chemindedeuil.jpg\" alt=\"\" class=\"wp-image-3483\" srcset=\"https:\/\/www.ateliersophro.com\/wp-content\/uploads\/2023\/06\/chemindedeuil.jpg 940w, https:\/\/www.ateliersophro.com\/wp-content\/uploads\/2023\/06\/chemindedeuil-300x251.jpg 300w, https:\/\/www.ateliersophro.com\/wp-content\/uploads\/2023\/06\/chemindedeuil-768x644.jpg 768w, https:\/\/www.ateliersophro.com\/wp-content\/uploads\/2023\/06\/chemindedeuil-24x20.jpg 24w, https:\/\/www.ateliersophro.com\/wp-content\/uploads\/2023\/06\/chemindedeuil-36x30.jpg 36w, https:\/\/www.ateliersophro.com\/wp-content\/uploads\/2023\/06\/chemindedeuil-48x40.jpg 48w\" sizes=\"(max-width: 940px) 100vw, 940px\" \/><\/figure>\n\n\n\n<div class=\"wp-block-buttons is-layout-flex wp-block-buttons-is-layout-flex\">\n<div class=\"wp-block-button\"><a class=\"wp-block-button__link wp-element-button\" href=\"http:\/\/ateliersophro.com\/index.php\/contact-2\/\">Contact<\/a><\/div>\n<\/div>\n\n\n\n<p><\/p>\n\n\n\n<p><em><strong>Vous souhaitez maintenir votre pratique ? Vous pouvez aussi participer !<\/strong><\/em><\/p>\n\n\n<div class=\"wp-block-image\">\n<figure class=\"aligncenter size-full is-resized\"><a href=\"ttps:\/\/www.eventbrite.fr\/e\/billets-atelier-de-sophrologie-relacher-le-stress-apaiser-les-emotions-385645003587\" target=\"_blank\" rel=\"noopener\"><img loading=\"lazy\" decoding=\"async\" src=\"http:\/\/ateliersophro.com\/wp-content\/uploads\/2022\/07\/7A96B924-B76A-40EE-B895-11123C681BD7.png\" alt=\"\" class=\"wp-image-2837\" width=\"593\" height=\"593\" srcset=\"https:\/\/www.ateliersophro.com\/wp-content\/uploads\/2022\/07\/7A96B924-B76A-40EE-B895-11123C681BD7.png 1000w, https:\/\/www.ateliersophro.com\/wp-content\/uploads\/2022\/07\/7A96B924-B76A-40EE-B895-11123C681BD7-300x300.png 300w, https:\/\/www.ateliersophro.com\/wp-content\/uploads\/2022\/07\/7A96B924-B76A-40EE-B895-11123C681BD7-150x150.png 150w, https:\/\/www.ateliersophro.com\/wp-content\/uploads\/2022\/07\/7A96B924-B76A-40EE-B895-11123C681BD7-768x768.png 768w, https:\/\/www.ateliersophro.com\/wp-content\/uploads\/2022\/07\/7A96B924-B76A-40EE-B895-11123C681BD7-80x80.png 80w, https:\/\/www.ateliersophro.com\/wp-content\/uploads\/2022\/07\/7A96B924-B76A-40EE-B895-11123C681BD7-24x24.png 24w, https:\/\/www.ateliersophro.com\/wp-content\/uploads\/2022\/07\/7A96B924-B76A-40EE-B895-11123C681BD7-36x36.png 36w, https:\/\/www.ateliersophro.com\/wp-content\/uploads\/2022\/07\/7A96B924-B76A-40EE-B895-11123C681BD7-48x48.png 48w, https:\/\/www.ateliersophro.com\/wp-content\/uploads\/2022\/07\/7A96B924-B76A-40EE-B895-11123C681BD7-45x45.png 45w\" sizes=\"(max-width: 593px) 100vw, 593px\" \/><\/a><\/figure><\/div>\n\n\n<p><strong>INSCRIPTION \u00ab\u00a0PAUSE SOPHRO\u00a0\u00bb : <\/strong><a rel=\"noreferrer noopener\" href=\"https:\/\/www.eventbrite.fr\/e\/billets-atelier-de-sophrologie-relacher-le-stress-apaiser-les-emotions-385645003587\" target=\"_blank\">https:\/\/www.eventbrite.fr\/e\/billets-atelier-de-sophrologie-relacher-le-stress-apaiser-les-emotions-385645003587<\/a><\/p>\n\n\n\n<hr class=\"wp-block-separator has-css-opacity\"\/>\n\n\n\n<p><br><\/p>\n\n\n<div class=\"wp-block-image\">\n<figure class=\"aligncenter size-full is-resized\"><a href=\"er-de-sophrologie-ra-len-tir-385776867997\"><img loading=\"lazy\" decoding=\"async\" src=\"http:\/\/ateliersophro.com\/wp-content\/uploads\/2022\/07\/16620C24-DBF1-48F7-8FC8-B4AE1AF63AF5.png\" alt=\"\" class=\"wp-image-2840\" width=\"593\" height=\"593\" srcset=\"https:\/\/www.ateliersophro.com\/wp-content\/uploads\/2022\/07\/16620C24-DBF1-48F7-8FC8-B4AE1AF63AF5.png 1000w, https:\/\/www.ateliersophro.com\/wp-content\/uploads\/2022\/07\/16620C24-DBF1-48F7-8FC8-B4AE1AF63AF5-300x300.png 300w, https:\/\/www.ateliersophro.com\/wp-content\/uploads\/2022\/07\/16620C24-DBF1-48F7-8FC8-B4AE1AF63AF5-150x150.png 150w, https:\/\/www.ateliersophro.com\/wp-content\/uploads\/2022\/07\/16620C24-DBF1-48F7-8FC8-B4AE1AF63AF5-768x768.png 768w, https:\/\/www.ateliersophro.com\/wp-content\/uploads\/2022\/07\/16620C24-DBF1-48F7-8FC8-B4AE1AF63AF5-80x80.png 80w, https:\/\/www.ateliersophro.com\/wp-content\/uploads\/2022\/07\/16620C24-DBF1-48F7-8FC8-B4AE1AF63AF5-24x24.png 24w, https:\/\/www.ateliersophro.com\/wp-content\/uploads\/2022\/07\/16620C24-DBF1-48F7-8FC8-B4AE1AF63AF5-36x36.png 36w, https:\/\/www.ateliersophro.com\/wp-content\/uploads\/2022\/07\/16620C24-DBF1-48F7-8FC8-B4AE1AF63AF5-48x48.png 48w, https:\/\/www.ateliersophro.com\/wp-content\/uploads\/2022\/07\/16620C24-DBF1-48F7-8FC8-B4AE1AF63AF5-45x45.png 45w\" sizes=\"(max-width: 593px) 100vw, 593px\" \/><\/a><\/figure><\/div>\n\n\n<p><strong>INSCRIPTION<\/strong> \u00ab\u00a0RALENTIR\u00a0\u00bb <a href=\"https:\/\/www.eventbrite.fr\/e\/billets-atelier-de-sophrologie-ra-len-tir-385776867997\" target=\"_blank\" rel=\"noopener\">https:\/\/www.eventbrite.fr\/e\/billets-atelier-de-sophrologie-ra-len-tir-385776867997<\/a><\/p>\n\n\n\n<hr class=\"wp-block-separator has-css-opacity\"\/>\n\n\n<div class=\"wp-block-image\">\n<figure class=\"aligncenter size-full is-resized\"><a href=\"https:\/\/www.eventbrite.fr\/e\/billets-atelier-de-sophrologie-mieux-sendormir-mieux-dormir-385773648367\" target=\"_blank\" rel=\"noopener\"><img loading=\"lazy\" decoding=\"async\" src=\"http:\/\/ateliersophro.com\/wp-content\/uploads\/2022\/07\/7452559E-CA87-4349-926F-FD483717C695.png\" alt=\"\" class=\"wp-image-2839\" width=\"594\" height=\"594\" srcset=\"https:\/\/www.ateliersophro.com\/wp-content\/uploads\/2022\/07\/7452559E-CA87-4349-926F-FD483717C695.png 1000w, https:\/\/www.ateliersophro.com\/wp-content\/uploads\/2022\/07\/7452559E-CA87-4349-926F-FD483717C695-300x300.png 300w, https:\/\/www.ateliersophro.com\/wp-content\/uploads\/2022\/07\/7452559E-CA87-4349-926F-FD483717C695-150x150.png 150w, https:\/\/www.ateliersophro.com\/wp-content\/uploads\/2022\/07\/7452559E-CA87-4349-926F-FD483717C695-768x768.png 768w, https:\/\/www.ateliersophro.com\/wp-content\/uploads\/2022\/07\/7452559E-CA87-4349-926F-FD483717C695-80x80.png 80w, https:\/\/www.ateliersophro.com\/wp-content\/uploads\/2022\/07\/7452559E-CA87-4349-926F-FD483717C695-24x24.png 24w, https:\/\/www.ateliersophro.com\/wp-content\/uploads\/2022\/07\/7452559E-CA87-4349-926F-FD483717C695-36x36.png 36w, https:\/\/www.ateliersophro.com\/wp-content\/uploads\/2022\/07\/7452559E-CA87-4349-926F-FD483717C695-48x48.png 48w, https:\/\/www.ateliersophro.com\/wp-content\/uploads\/2022\/07\/7452559E-CA87-4349-926F-FD483717C695-45x45.png 45w\" sizes=\"(max-width: 594px) 100vw, 594px\" \/><\/a><\/figure><\/div>\n\n\n<p><strong>INSCRIPTION  \u00ab\u00a0MIEUX DORMIR\u00a0\u00bb<\/strong> : <a rel=\"noreferrer noopener\" href=\"https:\/\/www.eventbrite.fr\/e\/billets-atelier-de-sophrologie-mieux-sendormir-mieux-dormir-385773648367\" target=\"_blank\">https:\/\/www.eventbrite.fr\/e\/billets-atelier-de-sophrologie-mieux-sendormir-mieux-dormir-385773648367<\/a><\/p>\n\n\n\n<hr class=\"wp-block-separator has-css-opacity\"\/>\n\n\n\n<p>Vous souhaitez \u00eatre pr\u00e9venu.e pour les prochains ateliers ? <em>Contactez-moi pour me laisser votre mail<\/em><a href=\"http:\/\/ateliersophro.com\/index.php\/contact-2\/\">http:\/\/ateliersophro.com\/index.php\/contact-2\/<\/a><em> !<\/em><\/p>\n\n\n\n<figure class=\"wp-block-image size-large\"><img loading=\"lazy\" decoding=\"async\" width=\"1024\" height=\"576\" src=\"http:\/\/ateliersophro.com\/wp-content\/uploads\/2020\/06\/1-1024x576.png\" alt=\"\" class=\"wp-image-1979\" srcset=\"https:\/\/www.ateliersophro.com\/wp-content\/uploads\/2020\/06\/1-1024x576.png 1024w, https:\/\/www.ateliersophro.com\/wp-content\/uploads\/2020\/06\/1-300x169.png 300w, https:\/\/www.ateliersophro.com\/wp-content\/uploads\/2020\/06\/1-768x432.png 768w, https:\/\/www.ateliersophro.com\/wp-content\/uploads\/2020\/06\/1-533x300.png 533w, https:\/\/www.ateliersophro.com\/wp-content\/uploads\/2020\/06\/1.png 1280w\" sizes=\"(max-width: 1024px) 100vw, 1024px\" \/><\/figure>\n\n\n\n<figure class=\"wp-block-image size-large\"><img loading=\"lazy\" decoding=\"async\" width=\"1024\" height=\"576\" src=\"http:\/\/ateliersophro.com\/wp-content\/uploads\/2020\/07\/Copy-of-PROMO-Programme-Les-Ateliers-13-1024x576.png\" alt=\"\" class=\"wp-image-2139\" srcset=\"https:\/\/www.ateliersophro.com\/wp-content\/uploads\/2020\/07\/Copy-of-PROMO-Programme-Les-Ateliers-13-1024x576.png 1024w, https:\/\/www.ateliersophro.com\/wp-content\/uploads\/2020\/07\/Copy-of-PROMO-Programme-Les-Ateliers-13-300x169.png 300w, https:\/\/www.ateliersophro.com\/wp-content\/uploads\/2020\/07\/Copy-of-PROMO-Programme-Les-Ateliers-13-768x432.png 768w, https:\/\/www.ateliersophro.com\/wp-content\/uploads\/2020\/07\/Copy-of-PROMO-Programme-Les-Ateliers-13-533x300.png 533w, https:\/\/www.ateliersophro.com\/wp-content\/uploads\/2020\/07\/Copy-of-PROMO-Programme-Les-Ateliers-13.png 1280w\" sizes=\"(max-width: 1024px) 100vw, 1024px\" \/><\/figure>\n\n\n\n<figure class=\"wp-block-gallery has-nested-images columns-default is-cropped wp-block-gallery-1 is-layout-flex wp-block-gallery-is-layout-flex\">\n<figure class=\"wp-block-image size-large\"><img loading=\"lazy\" decoding=\"async\" width=\"1024\" height=\"576\" data-id=\"2186\" src=\"http:\/\/ateliersophro.com\/wp-content\/uploads\/2021\/04\/Agenda-Ateliers-de-sophrologie-2021-2-1024x576.png\" alt=\"\" class=\"wp-image-2186\" srcset=\"https:\/\/www.ateliersophro.com\/wp-content\/uploads\/2021\/04\/Agenda-Ateliers-de-sophrologie-2021-2-1024x576.png 1024w, https:\/\/www.ateliersophro.com\/wp-content\/uploads\/2021\/04\/Agenda-Ateliers-de-sophrologie-2021-2-300x169.png 300w, https:\/\/www.ateliersophro.com\/wp-content\/uploads\/2021\/04\/Agenda-Ateliers-de-sophrologie-2021-2-768x432.png 768w, https:\/\/www.ateliersophro.com\/wp-content\/uploads\/2021\/04\/Agenda-Ateliers-de-sophrologie-2021-2-533x300.png 533w, https:\/\/www.ateliersophro.com\/wp-content\/uploads\/2021\/04\/Agenda-Ateliers-de-sophrologie-2021-2.png 1280w\" sizes=\"(max-width: 1024px) 100vw, 1024px\" \/><\/figure>\n\n\n\n<figure class=\"wp-block-image size-large\"><img loading=\"lazy\" decoding=\"async\" width=\"1024\" height=\"576\" data-id=\"2181\" src=\"http:\/\/ateliersophro.com\/wp-content\/uploads\/2021\/04\/Ateliers-famille-1024x576.png\" alt=\"\" class=\"wp-image-2181\" srcset=\"https:\/\/www.ateliersophro.com\/wp-content\/uploads\/2021\/04\/Ateliers-famille-1024x576.png 1024w, https:\/\/www.ateliersophro.com\/wp-content\/uploads\/2021\/04\/Ateliers-famille-300x169.png 300w, https:\/\/www.ateliersophro.com\/wp-content\/uploads\/2021\/04\/Ateliers-famille-768x432.png 768w, https:\/\/www.ateliersophro.com\/wp-content\/uploads\/2021\/04\/Ateliers-famille-533x300.png 533w, https:\/\/www.ateliersophro.com\/wp-content\/uploads\/2021\/04\/Ateliers-famille.png 1280w\" sizes=\"(max-width: 1024px) 100vw, 1024px\" \/><\/figure>\n\n\n\n<figure class=\"wp-block-image size-large\"><img loading=\"lazy\" decoding=\"async\" width=\"1024\" height=\"576\" data-id=\"2174\" src=\"http:\/\/ateliersophro.com\/wp-content\/uploads\/2021\/02\/Agenda-Ateliers-de-sophrologie-2021-1024x576.jpg\" alt=\"\" class=\"wp-image-2174\" srcset=\"https:\/\/www.ateliersophro.com\/wp-content\/uploads\/2021\/02\/Agenda-Ateliers-de-sophrologie-2021-1024x576.jpg 1024w, https:\/\/www.ateliersophro.com\/wp-content\/uploads\/2021\/02\/Agenda-Ateliers-de-sophrologie-2021-300x169.jpg 300w, https:\/\/www.ateliersophro.com\/wp-content\/uploads\/2021\/02\/Agenda-Ateliers-de-sophrologie-2021-768x432.jpg 768w, https:\/\/www.ateliersophro.com\/wp-content\/uploads\/2021\/02\/Agenda-Ateliers-de-sophrologie-2021-1536x864.jpg 1536w, https:\/\/www.ateliersophro.com\/wp-content\/uploads\/2021\/02\/Agenda-Ateliers-de-sophrologie-2021-533x300.jpg 533w, https:\/\/www.ateliersophro.com\/wp-content\/uploads\/2021\/02\/Agenda-Ateliers-de-sophrologie-2021.jpg 1920w\" sizes=\"(max-width: 1024px) 100vw, 1024px\" \/><\/figure>\n\n\n\n<figure class=\"wp-block-image size-large\"><img loading=\"lazy\" decoding=\"async\" width=\"1024\" height=\"576\" data-id=\"2161\" src=\"http:\/\/ateliersophro.com\/wp-content\/uploads\/2020\/12\/Copy-of-PROMO-Programme-Les-Ateliers-15-1024x576.png\" alt=\"\" class=\"wp-image-2161\" srcset=\"https:\/\/www.ateliersophro.com\/wp-content\/uploads\/2020\/12\/Copy-of-PROMO-Programme-Les-Ateliers-15-1024x576.png 1024w, https:\/\/www.ateliersophro.com\/wp-content\/uploads\/2020\/12\/Copy-of-PROMO-Programme-Les-Ateliers-15-300x169.png 300w, https:\/\/www.ateliersophro.com\/wp-content\/uploads\/2020\/12\/Copy-of-PROMO-Programme-Les-Ateliers-15-768x432.png 768w, https:\/\/www.ateliersophro.com\/wp-content\/uploads\/2020\/12\/Copy-of-PROMO-Programme-Les-Ateliers-15-533x300.png 533w, https:\/\/www.ateliersophro.com\/wp-content\/uploads\/2020\/12\/Copy-of-PROMO-Programme-Les-Ateliers-15.png 1280w\" sizes=\"(max-width: 1024px) 100vw, 1024px\" \/><\/figure>\n\n\n\n<figure class=\"wp-block-image size-large\"><img loading=\"lazy\" decoding=\"async\" width=\"1024\" height=\"576\" data-id=\"2169\" src=\"http:\/\/ateliersophro.com\/wp-content\/uploads\/2021\/02\/Copy-of-PROMO-Programme-Les-Ateliers-16-1024x576.png\" alt=\"\" class=\"wp-image-2169\" srcset=\"https:\/\/www.ateliersophro.com\/wp-content\/uploads\/2021\/02\/Copy-of-PROMO-Programme-Les-Ateliers-16-1024x576.png 1024w, https:\/\/www.ateliersophro.com\/wp-content\/uploads\/2021\/02\/Copy-of-PROMO-Programme-Les-Ateliers-16-300x169.png 300w, https:\/\/www.ateliersophro.com\/wp-content\/uploads\/2021\/02\/Copy-of-PROMO-Programme-Les-Ateliers-16-768x432.png 768w, https:\/\/www.ateliersophro.com\/wp-content\/uploads\/2021\/02\/Copy-of-PROMO-Programme-Les-Ateliers-16-533x300.png 533w, https:\/\/www.ateliersophro.com\/wp-content\/uploads\/2021\/02\/Copy-of-PROMO-Programme-Les-Ateliers-16.png 1280w\" sizes=\"(max-width: 1024px) 100vw, 1024px\" \/><\/figure>\n\n\n\n<figure class=\"wp-block-image size-large\"><img loading=\"lazy\" decoding=\"async\" width=\"1024\" height=\"576\" data-id=\"1978\" src=\"http:\/\/ateliersophro.com\/wp-content\/uploads\/2020\/06\/2-1024x576.png\" alt=\"\" class=\"wp-image-1978\" srcset=\"https:\/\/www.ateliersophro.com\/wp-content\/uploads\/2020\/06\/2-1024x576.png 1024w, https:\/\/www.ateliersophro.com\/wp-content\/uploads\/2020\/06\/2-300x169.png 300w, https:\/\/www.ateliersophro.com\/wp-content\/uploads\/2020\/06\/2-768x432.png 768w, https:\/\/www.ateliersophro.com\/wp-content\/uploads\/2020\/06\/2-533x300.png 533w, https:\/\/www.ateliersophro.com\/wp-content\/uploads\/2020\/06\/2.png 1280w\" sizes=\"(max-width: 1024px) 100vw, 1024px\" \/><\/figure>\n\n\n\n<figure class=\"wp-block-image size-large\"><img loading=\"lazy\" decoding=\"async\" width=\"1024\" height=\"576\" data-id=\"1977\" src=\"http:\/\/ateliersophro.com\/wp-content\/uploads\/2020\/06\/3-1024x576.png\" alt=\"\" class=\"wp-image-1977\" srcset=\"https:\/\/www.ateliersophro.com\/wp-content\/uploads\/2020\/06\/3-1024x576.png 1024w, https:\/\/www.ateliersophro.com\/wp-content\/uploads\/2020\/06\/3-300x169.png 300w, https:\/\/www.ateliersophro.com\/wp-content\/uploads\/2020\/06\/3-768x432.png 768w, https:\/\/www.ateliersophro.com\/wp-content\/uploads\/2020\/06\/3-533x300.png 533w, https:\/\/www.ateliersophro.com\/wp-content\/uploads\/2020\/06\/3.png 1280w\" sizes=\"(max-width: 1024px) 100vw, 1024px\" \/><\/figure>\n\n\n\n<figure class=\"wp-block-image size-large\"><img loading=\"lazy\" decoding=\"async\" width=\"1024\" height=\"683\" data-id=\"1338\" src=\"http:\/\/ateliersophro.com\/wp-content\/uploads\/2020\/03\/Programme-Les-Ateliers-1024x683.jpg\" alt=\"\" class=\"wp-image-1338\" srcset=\"https:\/\/www.ateliersophro.com\/wp-content\/uploads\/2020\/03\/Programme-Les-Ateliers-1024x683.jpg 1024w, https:\/\/www.ateliersophro.com\/wp-content\/uploads\/2020\/03\/Programme-Les-Ateliers-300x200.jpg 300w, https:\/\/www.ateliersophro.com\/wp-content\/uploads\/2020\/03\/Programme-Les-Ateliers-768x512.jpg 768w, https:\/\/www.ateliersophro.com\/wp-content\/uploads\/2020\/03\/Programme-Les-Ateliers-450x300.jpg 450w, https:\/\/www.ateliersophro.com\/wp-content\/uploads\/2020\/03\/Programme-Les-Ateliers.jpg 1800w\" sizes=\"(max-width: 1024px) 100vw, 1024px\" \/><\/figure>\n\n\n\n<figure class=\"wp-block-image size-large\"><img loading=\"lazy\" decoding=\"async\" width=\"1024\" height=\"576\" data-id=\"2266\" src=\"http:\/\/ateliersophro.com\/wp-content\/uploads\/2021\/10\/Agenda-Ateliers-de-sophrologie-20211-1024x576.png\" alt=\"\" class=\"wp-image-2266\" srcset=\"https:\/\/www.ateliersophro.com\/wp-content\/uploads\/2021\/10\/Agenda-Ateliers-de-sophrologie-20211-1024x576.png 1024w, https:\/\/www.ateliersophro.com\/wp-content\/uploads\/2021\/10\/Agenda-Ateliers-de-sophrologie-20211-300x169.png 300w, https:\/\/www.ateliersophro.com\/wp-content\/uploads\/2021\/10\/Agenda-Ateliers-de-sophrologie-20211-768x432.png 768w, https:\/\/www.ateliersophro.com\/wp-content\/uploads\/2021\/10\/Agenda-Ateliers-de-sophrologie-20211-533x300.png 533w, https:\/\/www.ateliersophro.com\/wp-content\/uploads\/2021\/10\/Agenda-Ateliers-de-sophrologie-20211.png 1280w\" sizes=\"(max-width: 1024px) 100vw, 1024px\" \/><\/figure>\n\n\n\n<figure class=\"wp-block-image size-large\"><img loading=\"lazy\" decoding=\"async\" width=\"1024\" height=\"576\" data-id=\"2256\" src=\"http:\/\/ateliersophro.com\/wp-content\/uploads\/2021\/07\/Agenda-Ateliers-de-sophrologie-2021-8-1024x576.png\" alt=\"\" class=\"wp-image-2256\" srcset=\"https:\/\/www.ateliersophro.com\/wp-content\/uploads\/2021\/07\/Agenda-Ateliers-de-sophrologie-2021-8-1024x576.png 1024w, https:\/\/www.ateliersophro.com\/wp-content\/uploads\/2021\/07\/Agenda-Ateliers-de-sophrologie-2021-8-300x169.png 300w, https:\/\/www.ateliersophro.com\/wp-content\/uploads\/2021\/07\/Agenda-Ateliers-de-sophrologie-2021-8-768x432.png 768w, https:\/\/www.ateliersophro.com\/wp-content\/uploads\/2021\/07\/Agenda-Ateliers-de-sophrologie-2021-8-533x300.png 533w, https:\/\/www.ateliersophro.com\/wp-content\/uploads\/2021\/07\/Agenda-Ateliers-de-sophrologie-2021-8.png 1280w\" sizes=\"(max-width: 1024px) 100vw, 1024px\" \/><\/figure>\n\n\n\n<figure class=\"wp-block-image size-large\"><img loading=\"lazy\" decoding=\"async\" width=\"1024\" height=\"576\" data-id=\"2246\" src=\"http:\/\/ateliersophro.com\/wp-content\/uploads\/2021\/05\/Agenda-Ateliers-de-sophrologie-2021-4-1024x576.png\" alt=\"\" class=\"wp-image-2246\" srcset=\"https:\/\/www.ateliersophro.com\/wp-content\/uploads\/2021\/05\/Agenda-Ateliers-de-sophrologie-2021-4-1024x576.png 1024w, https:\/\/www.ateliersophro.com\/wp-content\/uploads\/2021\/05\/Agenda-Ateliers-de-sophrologie-2021-4-300x169.png 300w, https:\/\/www.ateliersophro.com\/wp-content\/uploads\/2021\/05\/Agenda-Ateliers-de-sophrologie-2021-4-768x432.png 768w, https:\/\/www.ateliersophro.com\/wp-content\/uploads\/2021\/05\/Agenda-Ateliers-de-sophrologie-2021-4-533x300.png 533w, https:\/\/www.ateliersophro.com\/wp-content\/uploads\/2021\/05\/Agenda-Ateliers-de-sophrologie-2021-4.png 1280w\" sizes=\"(max-width: 1024px) 100vw, 1024px\" \/><\/figure>\n<\/figure>\n","protected":false},"excerpt":{"rendered":"<p>CONTENTS<\/p>\n","protected":false},"author":1,"featured_media":0,"parent":0,"menu_order":0,"comment_status":"closed","ping_status":"open","template":"","meta":{"om_disable_all_campaigns":false,"footnotes":""},"class_list":["post-231","page","type-page","status-publish","hentry"],"aioseo_notices":[],"_links":{"self":[{"href":"https:\/\/www.ateliersophro.com\/index.php\/wp-json\/wp\/v2\/pages\/231","targetHints":{"allow":["GET"]}}],"collection":[{"href":"https:\/\/www.ateliersophro.com\/index.php\/wp-json\/wp\/v2\/pages"}],"about":[{"href":"https:\/\/www.ateliersophro.com\/index.php\/wp-json\/wp\/v2\/types\/page"}],"author":[{"embeddable":true,"href":"https:\/\/www.ateliersophro.com\/index.php\/wp-json\/wp\/v2\/users\/1"}],"replies":[{"embeddable":true,"href":"https:\/\/www.ateliersophro.com\/index.php\/wp-json\/wp\/v2\/comments?post=231"}],"version-history":[{"count":49,"href":"https:\/\/www.ateliersophro.com\/index.php\/wp-json\/wp\/v2\/pages\/231\/revisions"}],"predecessor-version":[{"id":3614,"href":"https:\/\/www.ateliersophro.com\/index.php\/wp-json\/wp\/v2\/pages\/231\/revisions\/3614"}],"wp:attachment":[{"href":"https:\/\/www.ateliersophro.com\/index.php\/wp-json\/wp\/v2\/media?parent=231"}],"curies":[{"name":"wp","href":"https:\/\/api.w.org\/{rel}","templated":true}]}}