{"id":269,"date":"2018-05-15T23:31:43","date_gmt":"2018-05-15T21:31:43","guid":{"rendered":"http:\/\/ateliersophro.com\/?page_id=269"},"modified":"2025-08-02T14:24:32","modified_gmt":"2025-08-02T12:24:32","slug":"entreprises","status":"publish","type":"page","link":"https:\/\/www.ateliersophro.com\/index.php\/entreprises\/","title":{"rendered":"Entreprises"},"content":{"rendered":"\n<p>Organisme de formation : D\u00e9claration d&rsquo;activit\u00e9 enregistr\u00e9e sous le num\u00e9ro 11922435292<br>aupr\u00e8s du pr\u00e9f\u00eat de r\u00e9gion d&rsquo;Ile-de-France.<\/p>\n\n\n\n<figure class=\"wp-block-gallery has-nested-images columns-default is-cropped wp-block-gallery-1 is-layout-flex wp-block-gallery-is-layout-flex\">\n<figure class=\"wp-block-image size-large\"><img fetchpriority=\"high\" decoding=\"async\" width=\"1024\" height=\"768\" data-id=\"92\" src=\"https:\/\/www.ateliersophro.com\/wp-content\/uploads\/2018\/03\/IMG_7256-1024x768.jpg\" alt=\"\" class=\"wp-image-92\" srcset=\"https:\/\/www.ateliersophro.com\/wp-content\/uploads\/2018\/03\/IMG_7256-1024x768.jpg 1024w, https:\/\/www.ateliersophro.com\/wp-content\/uploads\/2018\/03\/IMG_7256-416x312.jpg 416w, https:\/\/www.ateliersophro.com\/wp-content\/uploads\/2018\/03\/IMG_7256-300x225.jpg 300w, https:\/\/www.ateliersophro.com\/wp-content\/uploads\/2018\/03\/IMG_7256-768x576.jpg 768w\" sizes=\"(max-width: 1024px) 100vw, 1024px\" \/><\/figure>\n<\/figure>\n","protected":false},"excerpt":{"rendered":"<p>Organisme de formation : D\u00e9claration d&rsquo;activit\u00e9 enregistr\u00e9e sous le num\u00e9ro 11922435292aupr\u00e8s du pr\u00e9f\u00eat de r\u00e9gion d&rsquo;Ile-de-France.<\/p>\n","protected":false},"author":1,"featured_media":3939,"parent":0,"menu_order":0,"comment_status":"closed","ping_status":"closed","template":"","meta":{"om_disable_all_campaigns":false,"footnotes":""},"class_list":["post-269","page","type-page","status-publish","has-post-thumbnail","hentry"],"aioseo_notices":[],"_links":{"self":[{"href":"https:\/\/www.ateliersophro.com\/index.php\/wp-json\/wp\/v2\/pages\/269","targetHints":{"allow":["GET"]}}],"collection":[{"href":"https:\/\/www.ateliersophro.com\/index.php\/wp-json\/wp\/v2\/pages"}],"about":[{"href":"https:\/\/www.ateliersophro.com\/index.php\/wp-json\/wp\/v2\/types\/page"}],"author":[{"embeddable":true,"href":"https:\/\/www.ateliersophro.com\/index.php\/wp-json\/wp\/v2\/users\/1"}],"replies":[{"embeddable":true,"href":"https:\/\/www.ateliersophro.com\/index.php\/wp-json\/wp\/v2\/comments?post=269"}],"version-history":[{"count":6,"href":"https:\/\/www.ateliersophro.com\/index.php\/wp-json\/wp\/v2\/pages\/269\/revisions"}],"predecessor-version":[{"id":4040,"href":"https:\/\/www.ateliersophro.com\/index.php\/wp-json\/wp\/v2\/pages\/269\/revisions\/4040"}],"wp:featuredmedia":[{"embeddable":true,"href":"https:\/\/www.ateliersophro.com\/index.php\/wp-json\/wp\/v2\/media\/3939"}],"wp:attachment":[{"href":"https:\/\/www.ateliersophro.com\/index.php\/wp-json\/wp\/v2\/media?parent=269"}],"curies":[{"name":"wp","href":"https:\/\/api.w.org\/{rel}","templated":true}]}}