{"id":3662,"date":"2023-06-24T20:34:04","date_gmt":"2023-06-24T18:34:04","guid":{"rendered":"http:\/\/ateliersophro.com\/?page_id=3662"},"modified":"2025-08-01T16:56:20","modified_gmt":"2025-08-01T14:56:20","slug":"deuil","status":"publish","type":"page","link":"https:\/\/www.ateliersophro.com\/index.php\/deuil\/","title":{"rendered":"Deuil"},"content":{"rendered":"\t\t<div data-elementor-type=\"wp-page\" data-elementor-id=\"3662\" class=\"elementor elementor-3662\">\n\t\t\t\t\t\t<section class=\"elementor-section elementor-top-section elementor-element elementor-element-51df74b6 elementor-section-boxed elementor-section-height-default elementor-section-height-default\" data-id=\"51df74b6\" data-element_type=\"section\">\n\t\t\t\t\t\t<div class=\"elementor-container elementor-column-gap-default\">\n\t\t\t\t\t<div class=\"elementor-column elementor-col-100 elementor-top-column elementor-element elementor-element-2738e229\" data-id=\"2738e229\" data-element_type=\"column\">\n\t\t\t<div class=\"elementor-widget-wrap elementor-element-populated\">\n\t\t\t\t\t\t<div class=\"elementor-element elementor-element-49dbdc38 elementor-widget elementor-widget-text-editor\" data-id=\"49dbdc38\" data-element_type=\"widget\" data-widget_type=\"text-editor.default\">\n\t\t\t\t<div class=\"elementor-widget-container\">\n\t\t\t\t\t\t\t\t\t<p><\/p>\n<h2>Comment s&rsquo;apaiser durant son chemin de deuil ? Sophrologie ou hypnose ?<\/h2>\n<p>Ce qui m&rsquo;a moi-m\u00eame amen\u00e9 vers la sophrologie puis l&rsquo;hypnose, c&rsquo;est un deuil traumatique pour lequel j&rsquo;ai \u00e9crit ce guide d\u00e9di\u00e9 aux petits endeuill\u00e9s, au d\u00e9part mes enfants. <em><a href=\"http:\/\/www.reparemoncoeur.com\" target=\"_blank\" rel=\"noopener\">\u00ab\u00a0R\u00e9pare mon coeur\u00a0\u00bb<\/a><\/em><\/p>\n<p>Aujourd&rsquo;hui dans ma pratique, j&rsquo;accompagne des personnes en deuil et le premier \u00e9l\u00e9ment \u00e0 indiquer c&rsquo;est qu&rsquo;il n&rsquo;y a qu&rsquo;une seule fa\u00e7on d&rsquo;apaiser le deuil : celle que vous aurez \u00e9lu vous-m\u00eame comme apaisante ! Car, si le deuil est un processus naturel de cicatrisation, la plong\u00e9e dans un deuil peut \u00eatre particuli\u00e8rement \u00e9prouvante, en fonction notamment de la nature du lien avec le d\u00e9funt , les conditions de sa mort et l&rsquo;\u00e2ge auquel une personne est confront\u00e9e \u00e0 la perte d&rsquo;un proche.<\/p>\n<p>Il existe, en dehors de l&rsquo;\u00e9laboration par la parole que peut permettre entre autres le psychoth\u00e9rapeute, diff\u00e9rentes mani\u00e8res d&rsquo;aborder le deuil et en fonction du moment, des \u00e9motions suscit\u00e9es, de l&rsquo;intensit\u00e9 de ces \u00e9motions, l&rsquo;essentiel sera de s&rsquo;adapter au mieux \u00e0 votre besoin.<\/p>\n<p>Alors voici diff\u00e9rentes pistes&nbsp; parmi les techniques que j&rsquo;utilise qui j&rsquo;esp\u00e8re vous \u00e9clairerons :<\/p>\n<ul>\n<li>En sophrologie, (\u00e0 privil\u00e9gier en compl\u00e9ment de l&rsquo;accompagnement psychologique si le d\u00e9c\u00e8s est tr\u00e8s r\u00e9cent), le fait de pouvoir envisager des petites \u00ab\u00a0parenth\u00e8ses\u00a0\u00bb de sa souffrance et de reprendre son souffle peut apporter soutien et soulagement.<\/li>\n<\/ul>\n<p>Le cabinet sera un endroit pour d\u00e9poser ce qui est lourd en esp\u00e9rant de pouvoir repartir le coeur un peu plus l\u00e9ger.<\/p>\n<p>Les techniques de respiration, de pleine conscience et de visualisation s&rsquo;attachent \u00e0 prendre en compte les manifestations du corps (troubles du sommeil, \u00e9motions \u00e0 vif, angoisses \u00e9ventuelles etc) en apportant des astuces et techniques \u00e0 r\u00e9p\u00e9ter chez soi.<\/p>\n<ul>\n<li>L&rsquo;hypnose peut \u00e9galement apporter ce soulagement dans les \u00e9tapes tr\u00e8s \u00e9prouvantes d&rsquo;un deuil r\u00e9cent mais c&rsquo;est plus tard dans le chemin de deuil que l&rsquo;<strong>hypnose sera particuli\u00e8rement aidante. Elle permettra <\/strong>\u00e0 la fois de repenser le lien avec le d\u00e9funt et de convoquer l&rsquo;\u00e9v\u00e9nement \u00ab\u00a0mort\u00a0\u00bb que l&rsquo;on pourra aller explorer et apaiser. C&rsquo;est donc plus tard sur le chemin de deuil (parfois apr\u00e8s plusieurs ann\u00e9es) que je recommande d&rsquo;utiliser cette technique. Souvent, l&rsquo;id\u00e9e de \u00ab\u00a0ne pas arriver \u00e0 faire son deuil\u00a0\u00bb (comme s&rsquo;il s&rsquo;agissait d&rsquo;un d\u00e9fi \u00e0 relever) m\u00e8ne \u00e0 consulter en hypnose.<\/li>\n<li>Durant la s\u00e9ance d&rsquo;hypnose, le travail peut porter sur le fait de \u00ab\u00a0ranger dans le pass\u00e9\u00a0\u00bb l&rsquo;\u00e9v\u00e9nement qui a conduit \u00e0 tant de douleurs pour redonner une place diff\u00e9rente \u00e0 la personne d\u00e9funte : en quelques sortes ne plus la d\u00e9finir uniquement au travers de sa mort mais pouvoir retrouver des images, des souvenirs heureux (si en tout cas le lien le permet) avec cette personne.<\/li>\n<li>Lorsqu&rsquo;on vous proposera de couper le lien ??? Fuyez ! \u00e0 moins que vous soyez \u00e0 l&rsquo;initiative de cette demande, dans ce cas bien s\u00fbr que le travail doit toujours respecter la demande de la personne mais en dehors de cette demande sp\u00e9cifique alors, un lien peut \u00eatre apais\u00e9, retrouv\u00e9 d&rsquo;une autre fa\u00e7on mais il n&rsquo;est pas question de couper le lien ce qui va \u00e0 l&rsquo;encontre m\u00eame du processus de deuil qui est l&rsquo;int\u00e9gration de ce lien d&rsquo;une autre fa\u00e7on.<\/li>\n<\/ul>\n<p>Enfin, j&rsquo;utilise d\u00e9sormais \u00e9galement en compl\u00e8ment la technique de \u00ab\u00a0Mindfu-Kintsugi\u00a0\u00bb que j&rsquo;ai invent\u00e9e pour associer cet art ancestral japonais qu&rsquo;est le Kintsugi et qui permet de r\u00e9parer et sublimer des objets bris\u00e9s et des techniques de visualisation pour aller \u00e0 la rencontre de ces cicatrices invisibles.<\/p>\n<p><span style=\"font-family: var( --e-global-typography-text-font-family ), Sans-serif; font-style: var( --e-global-typography-text-font-style ); letter-spacing: var( --e-global-typography-text-letter-spacing ); text-transform: var( --e-global-typography-text-text-transform ); background-color: var( --e-global-color-f3cfd47 );\">N&rsquo;h\u00e9sitez pas \u00e0 <\/span><a href=\"http:\/\/ateliersophro.com\/index.php\/contact-2\/\" style=\"font-family: var( --e-global-typography-text-font-family ), Sans-serif; font-style: var( --e-global-typography-text-font-style ); letter-spacing: var( --e-global-typography-text-letter-spacing ); text-transform: var( --e-global-typography-text-text-transform ); background-color: var( --e-global-color-f3cfd47 );\">me contacter<\/a><span style=\"font-family: var( --e-global-typography-text-font-family ), Sans-serif; font-style: var( --e-global-typography-text-font-style ); letter-spacing: var( --e-global-typography-text-letter-spacing ); text-transform: var( --e-global-typography-text-text-transform ); background-color: var( --e-global-color-f3cfd47 );\"> pour toutes questions.<\/span><br><\/p>\n<p>Caroline Jolivet<\/p>\n<p><\/p>\n<p><\/p>\n<p><\/p>\n<p><\/p>\t\t\t\t\t\t\t\t<\/div>\n\t\t\t\t<\/div>\n\t\t\t\t\t<\/div>\n\t\t<\/div>\n\t\t\t\t\t<\/div>\n\t\t<\/section>\n\t\t\t\t<\/div>\n\t\t","protected":false},"excerpt":{"rendered":"<p>Comment s&rsquo;apaiser durant son chemin de deuil ? Sophrologie ou hypnose ? Ce qui m&rsquo;a moi-m\u00eame amen\u00e9 vers la sophrologie puis l&rsquo;hypnose, c&rsquo;est un deuil traumatique pour lequel j&rsquo;ai \u00e9crit ce guide d\u00e9di\u00e9 aux petits endeuill\u00e9s, au d\u00e9part mes enfants. \u00ab\u00a0R\u00e9pare mon coeur\u00a0\u00bb Aujourd&rsquo;hui dans ma pratique, j&rsquo;accompagne des personnes en deuil et le premier [&hellip;]<\/p>\n","protected":false},"author":1,"featured_media":0,"parent":0,"menu_order":0,"comment_status":"closed","ping_status":"closed","template":"","meta":{"om_disable_all_campaigns":false,"footnotes":""},"class_list":["post-3662","page","type-page","status-publish","hentry"],"aioseo_notices":[],"_links":{"self":[{"href":"https:\/\/www.ateliersophro.com\/index.php\/wp-json\/wp\/v2\/pages\/3662","targetHints":{"allow":["GET"]}}],"collection":[{"href":"https:\/\/www.ateliersophro.com\/index.php\/wp-json\/wp\/v2\/pages"}],"about":[{"href":"https:\/\/www.ateliersophro.com\/index.php\/wp-json\/wp\/v2\/types\/page"}],"author":[{"embeddable":true,"href":"https:\/\/www.ateliersophro.com\/index.php\/wp-json\/wp\/v2\/users\/1"}],"replies":[{"embeddable":true,"href":"https:\/\/www.ateliersophro.com\/index.php\/wp-json\/wp\/v2\/comments?post=3662"}],"version-history":[{"count":12,"href":"https:\/\/www.ateliersophro.com\/index.php\/wp-json\/wp\/v2\/pages\/3662\/revisions"}],"predecessor-version":[{"id":4001,"href":"https:\/\/www.ateliersophro.com\/index.php\/wp-json\/wp\/v2\/pages\/3662\/revisions\/4001"}],"wp:attachment":[{"href":"https:\/\/www.ateliersophro.com\/index.php\/wp-json\/wp\/v2\/media?parent=3662"}],"curies":[{"name":"wp","href":"https:\/\/api.w.org\/{rel}","templated":true}]}}