{"id":4116,"date":"2025-08-31T09:02:14","date_gmt":"2025-08-31T07:02:14","guid":{"rendered":"https:\/\/www.ateliersophro.com\/?page_id=4116"},"modified":"2025-10-10T22:41:28","modified_gmt":"2025-10-10T20:41:28","slug":"les-kits-dactivites","status":"publish","type":"page","link":"https:\/\/www.ateliersophro.com\/index.php\/les-kits-dactivites\/","title":{"rendered":"Les kits d&rsquo;activit\u00e9s"},"content":{"rendered":"\t\t<div data-elementor-type=\"wp-page\" data-elementor-id=\"4116\" class=\"elementor elementor-4116\">\n\t\t\t\t\t\t<section class=\"elementor-section elementor-top-section elementor-element elementor-element-5fd7add2 elementor-section-boxed elementor-section-height-default elementor-section-height-default\" data-id=\"5fd7add2\" data-element_type=\"section\">\n\t\t\t\t\t\t<div class=\"elementor-container elementor-column-gap-default\">\n\t\t\t\t\t<div class=\"elementor-column elementor-col-100 elementor-top-column elementor-element elementor-element-3e3d35c7\" data-id=\"3e3d35c7\" data-element_type=\"column\">\n\t\t\t<div class=\"elementor-widget-wrap elementor-element-populated\">\n\t\t\t\t\t\t<div class=\"elementor-element elementor-element-2ff6d9ed elementor-widget elementor-widget-text-editor\" data-id=\"2ff6d9ed\" data-element_type=\"widget\" data-widget_type=\"text-editor.default\">\n\t\t\t\t<div class=\"elementor-widget-container\">\n\t\t\t\t\t\t\t\t\t<p><\/p>\n<p><em>Bienvenue sur la page des kits d&rsquo;activit\u00e9s des Editions Les Ateliers de Sophrologie !<\/em><\/p>\n<p><\/p>\n<p><\/p>\t\t\t\t\t\t\t\t<\/div>\n\t\t\t\t<\/div>\n\t\t\t\t\t<\/div>\n\t\t<\/div>\n\t\t\t\t\t<\/div>\n\t\t<\/section>\n\t\t\t\t<section class=\"elementor-section elementor-top-section elementor-element elementor-element-0c46a59 elementor-section-boxed elementor-section-height-default elementor-section-height-default\" data-id=\"0c46a59\" data-element_type=\"section\">\n\t\t\t\t\t\t<div class=\"elementor-container elementor-column-gap-default\">\n\t\t\t\t\t<div class=\"elementor-column elementor-col-50 elementor-top-column elementor-element elementor-element-1a625ae\" data-id=\"1a625ae\" data-element_type=\"column\">\n\t\t\t<div class=\"elementor-widget-wrap elementor-element-populated\">\n\t\t\t\t\t\t<div class=\"elementor-element elementor-element-019807a elementor-widget elementor-widget-image\" data-id=\"019807a\" data-element_type=\"widget\" data-widget_type=\"image.default\">\n\t\t\t\t<div class=\"elementor-widget-container\">\n\t\t\t\t\t\t\t\t\t\t\t\t\t\t\t\t<a href=\"https:\/\/buy.stripe.com\/dRm28r7GE2AAe53e3Q4Vy0q\" target=\"_blank\" rel=\"noopener\">\n\t\t\t\t\t\t\t<img fetchpriority=\"high\" decoding=\"async\" width=\"640\" height=\"905\" src=\"https:\/\/www.ateliersophro.com\/wp-content\/uploads\/2025\/08\/couv-deguisetameteorite-1-724x1024.jpg\" class=\"attachment-large size-large wp-image-4122\" alt=\"\" srcset=\"https:\/\/www.ateliersophro.com\/wp-content\/uploads\/2025\/08\/couv-deguisetameteorite-1-724x1024.jpg 724w, https:\/\/www.ateliersophro.com\/wp-content\/uploads\/2025\/08\/couv-deguisetameteorite-1-212x300.jpg 212w, https:\/\/www.ateliersophro.com\/wp-content\/uploads\/2025\/08\/couv-deguisetameteorite-1-768x1086.jpg 768w, https:\/\/www.ateliersophro.com\/wp-content\/uploads\/2025\/08\/couv-deguisetameteorite-1-1086x1536.jpg 1086w, https:\/\/www.ateliersophro.com\/wp-content\/uploads\/2025\/08\/couv-deguisetameteorite-1.jpg 1414w\" sizes=\"(max-width: 640px) 100vw, 640px\" \/>\t\t\t\t\t\t\t\t<\/a>\n\t\t\t\t\t\t\t\t\t\t\t\t\t\t\t<\/div>\n\t\t\t\t<\/div>\n\t\t\t\t<div class=\"elementor-element elementor-element-7cbe963 elementor-widget elementor-widget-button\" data-id=\"7cbe963\" data-element_type=\"widget\" data-widget_type=\"button.default\">\n\t\t\t\t<div class=\"elementor-widget-container\">\n\t\t\t\t\t\t\t\t\t<div class=\"elementor-button-wrapper\">\n\t\t\t\t\t<a class=\"elementor-button elementor-button-link elementor-size-sm\" href=\"https:\/\/buy.stripe.com\/dRm28r7GE2AAe53e3Q4Vy0q\" target=\"_blank\" rel=\"noopener\">\n\t\t\t\t\t\t<span class=\"elementor-button-content-wrapper\">\n\t\t\t\t\t\t<span class=\"elementor-button-icon\">\n\t\t\t\t<i aria-hidden=\"true\" class=\"fas fa-download\"><\/i>\t\t\t<\/span>\n\t\t\t\t\t\t\t\t\t<span class=\"elementor-button-text\">Acheter et t\u00e9l\u00e9charger l'ebook<\/span>\n\t\t\t\t\t<\/span>\n\t\t\t\t\t<\/a>\n\t\t\t\t<\/div>\n\t\t\t\t\t\t\t\t<\/div>\n\t\t\t\t<\/div>\n\t\t\t\t\t<\/div>\n\t\t<\/div>\n\t\t\t\t<div class=\"elementor-column elementor-col-50 elementor-top-column elementor-element elementor-element-fada0b3\" data-id=\"fada0b3\" data-element_type=\"column\">\n\t\t\t<div class=\"elementor-widget-wrap elementor-element-populated\">\n\t\t\t\t\t\t<div class=\"elementor-element elementor-element-8f3978e elementor-widget elementor-widget-image\" data-id=\"8f3978e\" data-element_type=\"widget\" data-widget_type=\"image.default\">\n\t\t\t\t<div class=\"elementor-widget-container\">\n\t\t\t\t\t\t\t\t\t\t\t\t\t\t\t<img decoding=\"async\" width=\"640\" height=\"905\" src=\"https:\/\/www.ateliersophro.com\/wp-content\/uploads\/2025\/10\/MENTIONOK-2025-Kit-Cahier-de-coloriage-28-x-37-cm-21-x-29.7-cm-724x1024.png\" class=\"attachment-large size-large wp-image-4483\" alt=\"\" srcset=\"https:\/\/www.ateliersophro.com\/wp-content\/uploads\/2025\/10\/MENTIONOK-2025-Kit-Cahier-de-coloriage-28-x-37-cm-21-x-29.7-cm-724x1024.png 724w, https:\/\/www.ateliersophro.com\/wp-content\/uploads\/2025\/10\/MENTIONOK-2025-Kit-Cahier-de-coloriage-28-x-37-cm-21-x-29.7-cm-212x300.png 212w, https:\/\/www.ateliersophro.com\/wp-content\/uploads\/2025\/10\/MENTIONOK-2025-Kit-Cahier-de-coloriage-28-x-37-cm-21-x-29.7-cm-768x1086.png 768w, https:\/\/www.ateliersophro.com\/wp-content\/uploads\/2025\/10\/MENTIONOK-2025-Kit-Cahier-de-coloriage-28-x-37-cm-21-x-29.7-cm-1086x1536.png 1086w, https:\/\/www.ateliersophro.com\/wp-content\/uploads\/2025\/10\/MENTIONOK-2025-Kit-Cahier-de-coloriage-28-x-37-cm-21-x-29.7-cm.png 1414w\" sizes=\"(max-width: 640px) 100vw, 640px\" \/>\t\t\t\t\t\t\t\t\t\t\t\t\t\t\t<\/div>\n\t\t\t\t<\/div>\n\t\t\t\t<div class=\"elementor-element elementor-element-20a1cf8 elementor-widget elementor-widget-button\" data-id=\"20a1cf8\" data-element_type=\"widget\" data-widget_type=\"button.default\">\n\t\t\t\t<div class=\"elementor-widget-container\">\n\t\t\t\t\t\t\t\t\t<div class=\"elementor-button-wrapper\">\n\t\t\t\t\t<a class=\"elementor-button elementor-button-link elementor-size-sm\" href=\"https:\/\/www.amazon.fr\/dp\/B0FRWSMPWT?ref_=pe_93986420_774957520\" target=\"_blank\" rel=\"noopener\">\n\t\t\t\t\t\t<span class=\"elementor-button-content-wrapper\">\n\t\t\t\t\t\t\t\t\t<span class=\"elementor-button-text\">ACHETER<\/span>\n\t\t\t\t\t<\/span>\n\t\t\t\t\t<\/a>\n\t\t\t\t<\/div>\n\t\t\t\t\t\t\t\t<\/div>\n\t\t\t\t<\/div>\n\t\t\t\t\t<\/div>\n\t\t<\/div>\n\t\t\t\t\t<\/div>\n\t\t<\/section>\n\t\t\t\t<section class=\"elementor-section elementor-top-section elementor-element elementor-element-5e7dbb2 elementor-section-boxed elementor-section-height-default elementor-section-height-default\" data-id=\"5e7dbb2\" data-element_type=\"section\">\n\t\t\t\t\t\t<div class=\"elementor-container elementor-column-gap-default\">\n\t\t\t\t\t<div class=\"elementor-column elementor-col-50 elementor-top-column elementor-element elementor-element-df4b094\" data-id=\"df4b094\" data-element_type=\"column\">\n\t\t\t<div class=\"elementor-widget-wrap elementor-element-populated\">\n\t\t\t\t\t\t<div class=\"elementor-element elementor-element-ba64301 elementor-widget elementor-widget-image\" data-id=\"ba64301\" data-element_type=\"widget\" data-widget_type=\"image.default\">\n\t\t\t\t<div class=\"elementor-widget-container\">\n\t\t\t\t\t\t\t\t\t\t\t\t\t\t\t\t<a href=\"https:\/\/www.amazon.fr\/dp\/2957868091?asin=2957868091&#038;revisionId=&#038;format=4&#038;depth=1\" target=\"_blank\" rel=\"noopener\">\n\t\t\t\t\t\t\t<img decoding=\"async\" width=\"640\" height=\"795\" src=\"https:\/\/www.ateliersophro.com\/wp-content\/uploads\/2025\/10\/MENTIONOK-NEWKIT-PLAYLISTDESEMOTIONS-203.2-x-254-mm-210-x-261-mm-209.6-x-260.4-mm-1-824x1024.png\" class=\"attachment-large size-large wp-image-4487\" alt=\"\" srcset=\"https:\/\/www.ateliersophro.com\/wp-content\/uploads\/2025\/10\/MENTIONOK-NEWKIT-PLAYLISTDESEMOTIONS-203.2-x-254-mm-210-x-261-mm-209.6-x-260.4-mm-1-824x1024.png 824w, https:\/\/www.ateliersophro.com\/wp-content\/uploads\/2025\/10\/MENTIONOK-NEWKIT-PLAYLISTDESEMOTIONS-203.2-x-254-mm-210-x-261-mm-209.6-x-260.4-mm-1-242x300.png 242w, https:\/\/www.ateliersophro.com\/wp-content\/uploads\/2025\/10\/MENTIONOK-NEWKIT-PLAYLISTDESEMOTIONS-203.2-x-254-mm-210-x-261-mm-209.6-x-260.4-mm-1-768x954.png 768w, https:\/\/www.ateliersophro.com\/wp-content\/uploads\/2025\/10\/MENTIONOK-NEWKIT-PLAYLISTDESEMOTIONS-203.2-x-254-mm-210-x-261-mm-209.6-x-260.4-mm-1-1236x1536.png 1236w, https:\/\/www.ateliersophro.com\/wp-content\/uploads\/2025\/10\/MENTIONOK-NEWKIT-PLAYLISTDESEMOTIONS-203.2-x-254-mm-210-x-261-mm-209.6-x-260.4-mm-1.png 1610w\" sizes=\"(max-width: 640px) 100vw, 640px\" \/>\t\t\t\t\t\t\t\t<\/a>\n\t\t\t\t\t\t\t\t\t\t\t\t\t\t\t<\/div>\n\t\t\t\t<\/div>\n\t\t\t\t<div class=\"elementor-element elementor-element-b68d22e elementor-widget elementor-widget-button\" data-id=\"b68d22e\" data-element_type=\"widget\" data-widget_type=\"button.default\">\n\t\t\t\t<div class=\"elementor-widget-container\">\n\t\t\t\t\t\t\t\t\t<div class=\"elementor-button-wrapper\">\n\t\t\t\t\t<a class=\"elementor-button elementor-button-link elementor-size-sm\" href=\"https:\/\/www.amazon.fr\/dp\/2957868091?asin=2957868091&#038;revisionId=&#038;format=4&#038;depth=1\" target=\"_blank\" rel=\"noopener\">\n\t\t\t\t\t\t<span class=\"elementor-button-content-wrapper\">\n\t\t\t\t\t\t\t\t\t<span class=\"elementor-button-text\">Acheter<\/span>\n\t\t\t\t\t<\/span>\n\t\t\t\t\t<\/a>\n\t\t\t\t<\/div>\n\t\t\t\t\t\t\t\t<\/div>\n\t\t\t\t<\/div>\n\t\t\t\t\t<\/div>\n\t\t<\/div>\n\t\t\t\t<div class=\"elementor-column elementor-col-50 elementor-top-column elementor-element elementor-element-68bccbd\" data-id=\"68bccbd\" data-element_type=\"column\">\n\t\t\t<div class=\"elementor-widget-wrap elementor-element-populated\">\n\t\t\t\t\t\t<div class=\"elementor-element elementor-element-5b0ef1e elementor-widget elementor-widget-image\" data-id=\"5b0ef1e\" data-element_type=\"widget\" data-widget_type=\"image.default\">\n\t\t\t\t<div class=\"elementor-widget-container\">\n\t\t\t\t\t\t\t\t\t\t\t\t\t\t\t\t<a href=\"https:\/\/www.amazon.fr\/dp\/B0FSK44Q3R?ref_=pe_93986420_774957520\" target=\"_blank\" rel=\"noopener\">\n\t\t\t\t\t\t\t<img loading=\"lazy\" decoding=\"async\" width=\"640\" height=\"794\" src=\"https:\/\/www.ateliersophro.com\/wp-content\/uploads\/2025\/10\/COUV-reservoire-confiance-1-825x1024.png\" class=\"attachment-large size-large wp-image-4486\" alt=\"\" srcset=\"https:\/\/www.ateliersophro.com\/wp-content\/uploads\/2025\/10\/COUV-reservoire-confiance-1-825x1024.png 825w, https:\/\/www.ateliersophro.com\/wp-content\/uploads\/2025\/10\/COUV-reservoire-confiance-1-242x300.png 242w, https:\/\/www.ateliersophro.com\/wp-content\/uploads\/2025\/10\/COUV-reservoire-confiance-1-768x953.png 768w, https:\/\/www.ateliersophro.com\/wp-content\/uploads\/2025\/10\/COUV-reservoire-confiance-1-1237x1536.png 1237w, https:\/\/www.ateliersophro.com\/wp-content\/uploads\/2025\/10\/COUV-reservoire-confiance-1.png 1611w\" sizes=\"(max-width: 640px) 100vw, 640px\" \/>\t\t\t\t\t\t\t\t<\/a>\n\t\t\t\t\t\t\t\t\t\t\t\t\t\t\t<\/div>\n\t\t\t\t<\/div>\n\t\t\t\t<div class=\"elementor-element elementor-element-9397e8b elementor-widget elementor-widget-button\" data-id=\"9397e8b\" data-element_type=\"widget\" data-widget_type=\"button.default\">\n\t\t\t\t<div class=\"elementor-widget-container\">\n\t\t\t\t\t\t\t\t\t<div class=\"elementor-button-wrapper\">\n\t\t\t\t\t<a class=\"elementor-button elementor-button-link elementor-size-sm\" href=\"https:\/\/www.amazon.fr\/dp\/B0FSK44Q3R?ref_=pe_93986420_774957520\" target=\"_blank\" rel=\"noopener\">\n\t\t\t\t\t\t<span class=\"elementor-button-content-wrapper\">\n\t\t\t\t\t\t\t\t\t<span class=\"elementor-button-text\">ACHETER<\/span>\n\t\t\t\t\t<\/span>\n\t\t\t\t\t<\/a>\n\t\t\t\t<\/div>\n\t\t\t\t\t\t\t\t<\/div>\n\t\t\t\t<\/div>\n\t\t\t\t\t<\/div>\n\t\t<\/div>\n\t\t\t\t\t<\/div>\n\t\t<\/section>\n\t\t\t\t<section class=\"elementor-section elementor-top-section elementor-element elementor-element-6b0a1a6 elementor-section-boxed elementor-section-height-default elementor-section-height-default\" data-id=\"6b0a1a6\" data-element_type=\"section\">\n\t\t\t\t\t\t<div class=\"elementor-container elementor-column-gap-default\">\n\t\t\t\t\t<div class=\"elementor-column elementor-col-33 elementor-top-column elementor-element elementor-element-ef824f0\" data-id=\"ef824f0\" data-element_type=\"column\">\n\t\t\t<div class=\"elementor-widget-wrap elementor-element-populated\">\n\t\t\t\t\t\t<div class=\"elementor-element elementor-element-9f2f14f elementor-widget elementor-widget-image\" data-id=\"9f2f14f\" data-element_type=\"widget\" data-widget_type=\"image.default\">\n\t\t\t\t<div class=\"elementor-widget-container\">\n\t\t\t\t\t\t\t\t\t\t\t\t\t\t\t\t<a href=\"https:\/\/www.amazon.fr\/dp\/2957868091?asin=2957868091&#038;revisionId=&#038;format=4&#038;depth=1\" target=\"_blank\" rel=\"noopener\">\n\t\t\t\t\t\t\t<img decoding=\"async\" width=\"640\" height=\"795\" src=\"https:\/\/www.ateliersophro.com\/wp-content\/uploads\/2025\/10\/MENTIONOK-NEWKIT-PLAYLISTDESEMOTIONS-203.2-x-254-mm-210-x-261-mm-209.6-x-260.4-mm-1-824x1024.png\" class=\"attachment-large size-large wp-image-4487\" alt=\"\" srcset=\"https:\/\/www.ateliersophro.com\/wp-content\/uploads\/2025\/10\/MENTIONOK-NEWKIT-PLAYLISTDESEMOTIONS-203.2-x-254-mm-210-x-261-mm-209.6-x-260.4-mm-1-824x1024.png 824w, https:\/\/www.ateliersophro.com\/wp-content\/uploads\/2025\/10\/MENTIONOK-NEWKIT-PLAYLISTDESEMOTIONS-203.2-x-254-mm-210-x-261-mm-209.6-x-260.4-mm-1-242x300.png 242w, https:\/\/www.ateliersophro.com\/wp-content\/uploads\/2025\/10\/MENTIONOK-NEWKIT-PLAYLISTDESEMOTIONS-203.2-x-254-mm-210-x-261-mm-209.6-x-260.4-mm-1-768x954.png 768w, https:\/\/www.ateliersophro.com\/wp-content\/uploads\/2025\/10\/MENTIONOK-NEWKIT-PLAYLISTDESEMOTIONS-203.2-x-254-mm-210-x-261-mm-209.6-x-260.4-mm-1-1236x1536.png 1236w, https:\/\/www.ateliersophro.com\/wp-content\/uploads\/2025\/10\/MENTIONOK-NEWKIT-PLAYLISTDESEMOTIONS-203.2-x-254-mm-210-x-261-mm-209.6-x-260.4-mm-1.png 1610w\" sizes=\"(max-width: 640px) 100vw, 640px\" \/>\t\t\t\t\t\t\t\t<\/a>\n\t\t\t\t\t\t\t\t\t\t\t\t\t\t\t<\/div>\n\t\t\t\t<\/div>\n\t\t\t\t\t<\/div>\n\t\t<\/div>\n\t\t\t\t<div class=\"elementor-column elementor-col-66 elementor-top-column elementor-element elementor-element-c7b2133\" data-id=\"c7b2133\" data-element_type=\"column\">\n\t\t\t<div class=\"elementor-widget-wrap elementor-element-populated\">\n\t\t\t\t\t\t<div class=\"elementor-element elementor-element-a0366f3 elementor-widget elementor-widget-image\" data-id=\"a0366f3\" data-element_type=\"widget\" data-widget_type=\"image.default\">\n\t\t\t\t<div class=\"elementor-widget-container\">\n\t\t\t\t\t\t\t\t\t\t\t\t\t\t\t\t<a href=\"https:\/\/www.amazon.fr\/dp\/2957868091?asin=2957868091&#038;revisionId=&#038;format=4&#038;depth=1\" target=\"_blank\" rel=\"noopener\">\n\t\t\t\t\t\t\t<img loading=\"lazy\" decoding=\"async\" width=\"640\" height=\"537\" src=\"https:\/\/www.ateliersophro.com\/wp-content\/uploads\/2025\/08\/2-1.jpg\" class=\"attachment-large size-large wp-image-4196\" alt=\"\" srcset=\"https:\/\/www.ateliersophro.com\/wp-content\/uploads\/2025\/08\/2-1.jpg 940w, https:\/\/www.ateliersophro.com\/wp-content\/uploads\/2025\/08\/2-1-300x251.jpg 300w, https:\/\/www.ateliersophro.com\/wp-content\/uploads\/2025\/08\/2-1-768x644.jpg 768w\" sizes=\"(max-width: 640px) 100vw, 640px\" \/>\t\t\t\t\t\t\t\t<\/a>\n\t\t\t\t\t\t\t\t\t\t\t\t\t\t\t<\/div>\n\t\t\t\t<\/div>\n\t\t\t\t<div class=\"elementor-element elementor-element-cb513f0 elementor-widget elementor-widget-button\" data-id=\"cb513f0\" data-element_type=\"widget\" data-widget_type=\"button.default\">\n\t\t\t\t<div class=\"elementor-widget-container\">\n\t\t\t\t\t\t\t\t\t<div class=\"elementor-button-wrapper\">\n\t\t\t\t\t<a class=\"elementor-button elementor-button-link elementor-size-sm\" href=\"#\">\n\t\t\t\t\t\t<span class=\"elementor-button-content-wrapper\">\n\t\t\t\t\t\t\t\t\t<span class=\"elementor-button-text\">ACHETER<\/span>\n\t\t\t\t\t<\/span>\n\t\t\t\t\t<\/a>\n\t\t\t\t<\/div>\n\t\t\t\t\t\t\t\t<\/div>\n\t\t\t\t<\/div>\n\t\t\t\t\t<\/div>\n\t\t<\/div>\n\t\t\t\t\t<\/div>\n\t\t<\/section>\n\t\t\t\t<section class=\"elementor-section elementor-top-section elementor-element elementor-element-faa1580 elementor-section-boxed elementor-section-height-default elementor-section-height-default\" data-id=\"faa1580\" data-element_type=\"section\">\n\t\t\t\t\t\t<div class=\"elementor-container elementor-column-gap-default\">\n\t\t\t\t\t<div class=\"elementor-column elementor-col-33 elementor-top-column elementor-element elementor-element-c004392\" data-id=\"c004392\" data-element_type=\"column\">\n\t\t\t<div class=\"elementor-widget-wrap elementor-element-populated\">\n\t\t\t\t\t\t<div class=\"elementor-element elementor-element-0386dc7 elementor-widget elementor-widget-image\" data-id=\"0386dc7\" data-element_type=\"widget\" data-widget_type=\"image.default\">\n\t\t\t\t<div class=\"elementor-widget-container\">\n\t\t\t\t\t\t\t\t\t\t\t\t\t\t\t<img loading=\"lazy\" decoding=\"async\" width=\"640\" height=\"537\" src=\"https:\/\/www.ateliersophro.com\/wp-content\/uploads\/2025\/08\/7.jpg\" class=\"attachment-large size-large wp-image-4191\" alt=\"\" srcset=\"https:\/\/www.ateliersophro.com\/wp-content\/uploads\/2025\/08\/7.jpg 940w, https:\/\/www.ateliersophro.com\/wp-content\/uploads\/2025\/08\/7-300x251.jpg 300w, https:\/\/www.ateliersophro.com\/wp-content\/uploads\/2025\/08\/7-768x644.jpg 768w\" sizes=\"(max-width: 640px) 100vw, 640px\" \/>\t\t\t\t\t\t\t\t\t\t\t\t\t\t\t<\/div>\n\t\t\t\t<\/div>\n\t\t\t\t\t<\/div>\n\t\t<\/div>\n\t\t\t\t<div class=\"elementor-column elementor-col-66 elementor-top-column elementor-element elementor-element-055a1f8\" data-id=\"055a1f8\" data-element_type=\"column\">\n\t\t\t<div class=\"elementor-widget-wrap elementor-element-populated\">\n\t\t\t\t\t\t<div class=\"elementor-element elementor-element-3fa8dc7 elementor-widget elementor-widget-image\" data-id=\"3fa8dc7\" data-element_type=\"widget\" data-widget_type=\"image.default\">\n\t\t\t\t<div class=\"elementor-widget-container\">\n\t\t\t\t\t\t\t\t\t\t\t\t\t\t\t<img loading=\"lazy\" decoding=\"async\" width=\"640\" height=\"537\" src=\"https:\/\/www.ateliersophro.com\/wp-content\/uploads\/2025\/08\/8.jpg\" class=\"attachment-large size-large wp-image-4190\" alt=\"\" srcset=\"https:\/\/www.ateliersophro.com\/wp-content\/uploads\/2025\/08\/8.jpg 940w, https:\/\/www.ateliersophro.com\/wp-content\/uploads\/2025\/08\/8-300x251.jpg 300w, https:\/\/www.ateliersophro.com\/wp-content\/uploads\/2025\/08\/8-768x644.jpg 768w\" sizes=\"(max-width: 640px) 100vw, 640px\" \/>\t\t\t\t\t\t\t\t\t\t\t\t\t\t\t<\/div>\n\t\t\t\t<\/div>\n\t\t\t\t\t<\/div>\n\t\t<\/div>\n\t\t\t\t\t<\/div>\n\t\t<\/section>\n\t\t\t\t<section class=\"elementor-section elementor-top-section elementor-element elementor-element-e398181 elementor-section-boxed elementor-section-height-default elementor-section-height-default\" data-id=\"e398181\" data-element_type=\"section\">\n\t\t\t\t\t\t<div class=\"elementor-container elementor-column-gap-default\">\n\t\t\t\t\t<div class=\"elementor-column elementor-col-33 elementor-top-column elementor-element elementor-element-9b74244\" data-id=\"9b74244\" data-element_type=\"column\">\n\t\t\t<div class=\"elementor-widget-wrap elementor-element-populated\">\n\t\t\t\t\t\t<div class=\"elementor-element elementor-element-74087e1 elementor-widget elementor-widget-image\" data-id=\"74087e1\" data-element_type=\"widget\" data-widget_type=\"image.default\">\n\t\t\t\t<div class=\"elementor-widget-container\">\n\t\t\t\t\t\t\t\t\t\t\t\t\t\t\t<img loading=\"lazy\" decoding=\"async\" width=\"640\" height=\"794\" src=\"https:\/\/www.ateliersophro.com\/wp-content\/uploads\/2025\/10\/COUV-reservoire-confiance-1-825x1024.png\" class=\"attachment-large size-large wp-image-4486\" alt=\"\" srcset=\"https:\/\/www.ateliersophro.com\/wp-content\/uploads\/2025\/10\/COUV-reservoire-confiance-1-825x1024.png 825w, https:\/\/www.ateliersophro.com\/wp-content\/uploads\/2025\/10\/COUV-reservoire-confiance-1-242x300.png 242w, https:\/\/www.ateliersophro.com\/wp-content\/uploads\/2025\/10\/COUV-reservoire-confiance-1-768x953.png 768w, https:\/\/www.ateliersophro.com\/wp-content\/uploads\/2025\/10\/COUV-reservoire-confiance-1-1237x1536.png 1237w, https:\/\/www.ateliersophro.com\/wp-content\/uploads\/2025\/10\/COUV-reservoire-confiance-1.png 1611w\" sizes=\"(max-width: 640px) 100vw, 640px\" \/>\t\t\t\t\t\t\t\t\t\t\t\t\t\t\t<\/div>\n\t\t\t\t<\/div>\n\t\t\t\t\t<\/div>\n\t\t<\/div>\n\t\t\t\t<div class=\"elementor-column elementor-col-66 elementor-top-column elementor-element elementor-element-6652c91\" data-id=\"6652c91\" data-element_type=\"column\">\n\t\t\t<div class=\"elementor-widget-wrap elementor-element-populated\">\n\t\t\t\t\t\t<div class=\"elementor-element elementor-element-0c97f23 elementor-widget elementor-widget-image\" data-id=\"0c97f23\" data-element_type=\"widget\" data-widget_type=\"image.default\">\n\t\t\t\t<div class=\"elementor-widget-container\">\n\t\t\t\t\t\t\t\t\t\t\t\t\t\t\t\t<a href=\"https:\/\/www.amazon.fr\/dp\/B0FSK44Q3R?ref_=pe_93986420_774957520\" target=\"_blank\" rel=\"noopener\">\n\t\t\t\t\t\t\t<img loading=\"lazy\" decoding=\"async\" width=\"640\" height=\"537\" src=\"https:\/\/www.ateliersophro.com\/wp-content\/uploads\/2025\/08\/5.jpg\" class=\"attachment-large size-large wp-image-4193\" alt=\"\" srcset=\"https:\/\/www.ateliersophro.com\/wp-content\/uploads\/2025\/08\/5.jpg 940w, https:\/\/www.ateliersophro.com\/wp-content\/uploads\/2025\/08\/5-300x251.jpg 300w, https:\/\/www.ateliersophro.com\/wp-content\/uploads\/2025\/08\/5-768x644.jpg 768w\" sizes=\"(max-width: 640px) 100vw, 640px\" \/>\t\t\t\t\t\t\t\t<\/a>\n\t\t\t\t\t\t\t\t\t\t\t\t\t\t\t<\/div>\n\t\t\t\t<\/div>\n\t\t\t\t\t<\/div>\n\t\t<\/div>\n\t\t\t\t\t<\/div>\n\t\t<\/section>\n\t\t\t\t<section class=\"elementor-section elementor-top-section elementor-element elementor-element-1e979fc elementor-section-boxed elementor-section-height-default elementor-section-height-default\" data-id=\"1e979fc\" data-element_type=\"section\">\n\t\t\t\t\t\t<div class=\"elementor-container elementor-column-gap-default\">\n\t\t\t\t\t<div class=\"elementor-column elementor-col-33 elementor-top-column elementor-element elementor-element-58d184e\" data-id=\"58d184e\" data-element_type=\"column\">\n\t\t\t<div class=\"elementor-widget-wrap elementor-element-populated\">\n\t\t\t\t\t\t<div class=\"elementor-element elementor-element-61e960f elementor-widget elementor-widget-image\" data-id=\"61e960f\" data-element_type=\"widget\" data-widget_type=\"image.default\">\n\t\t\t\t<div class=\"elementor-widget-container\">\n\t\t\t\t\t\t\t\t\t\t\t\t\t\t\t<img decoding=\"async\" width=\"640\" height=\"905\" src=\"https:\/\/www.ateliersophro.com\/wp-content\/uploads\/2025\/10\/MENTIONOK-2025-Kit-Cahier-de-coloriage-28-x-37-cm-21-x-29.7-cm-724x1024.png\" class=\"attachment-large size-large wp-image-4483\" alt=\"\" srcset=\"https:\/\/www.ateliersophro.com\/wp-content\/uploads\/2025\/10\/MENTIONOK-2025-Kit-Cahier-de-coloriage-28-x-37-cm-21-x-29.7-cm-724x1024.png 724w, https:\/\/www.ateliersophro.com\/wp-content\/uploads\/2025\/10\/MENTIONOK-2025-Kit-Cahier-de-coloriage-28-x-37-cm-21-x-29.7-cm-212x300.png 212w, https:\/\/www.ateliersophro.com\/wp-content\/uploads\/2025\/10\/MENTIONOK-2025-Kit-Cahier-de-coloriage-28-x-37-cm-21-x-29.7-cm-768x1086.png 768w, https:\/\/www.ateliersophro.com\/wp-content\/uploads\/2025\/10\/MENTIONOK-2025-Kit-Cahier-de-coloriage-28-x-37-cm-21-x-29.7-cm-1086x1536.png 1086w, https:\/\/www.ateliersophro.com\/wp-content\/uploads\/2025\/10\/MENTIONOK-2025-Kit-Cahier-de-coloriage-28-x-37-cm-21-x-29.7-cm.png 1414w\" sizes=\"(max-width: 640px) 100vw, 640px\" \/>\t\t\t\t\t\t\t\t\t\t\t\t\t\t\t<\/div>\n\t\t\t\t<\/div>\n\t\t\t\t\t<\/div>\n\t\t<\/div>\n\t\t\t\t<div class=\"elementor-column elementor-col-66 elementor-top-column elementor-element elementor-element-b691008\" data-id=\"b691008\" data-element_type=\"column\">\n\t\t\t<div class=\"elementor-widget-wrap elementor-element-populated\">\n\t\t\t\t\t\t<div class=\"elementor-element elementor-element-99a65f7 elementor-widget elementor-widget-image\" data-id=\"99a65f7\" data-element_type=\"widget\" data-widget_type=\"image.default\">\n\t\t\t\t<div class=\"elementor-widget-container\">\n\t\t\t\t\t\t\t\t\t\t\t\t\t\t\t<img loading=\"lazy\" decoding=\"async\" width=\"640\" height=\"846\" src=\"https:\/\/www.ateliersophro.com\/wp-content\/uploads\/2025\/08\/3-1-775x1024.jpg\" class=\"attachment-large size-large wp-image-4198\" alt=\"\" srcset=\"https:\/\/www.ateliersophro.com\/wp-content\/uploads\/2025\/08\/3-1-775x1024.jpg 775w, https:\/\/www.ateliersophro.com\/wp-content\/uploads\/2025\/08\/3-1-227x300.jpg 227w, https:\/\/www.ateliersophro.com\/wp-content\/uploads\/2025\/08\/3-1-768x1015.jpg 768w, https:\/\/www.ateliersophro.com\/wp-content\/uploads\/2025\/08\/3-1-1162x1536.jpg 1162w, https:\/\/www.ateliersophro.com\/wp-content\/uploads\/2025\/08\/3-1.jpg 1513w\" sizes=\"(max-width: 640px) 100vw, 640px\" \/>\t\t\t\t\t\t\t\t\t\t\t\t\t\t\t<\/div>\n\t\t\t\t<\/div>\n\t\t\t\t\t<\/div>\n\t\t<\/div>\n\t\t\t\t\t<\/div>\n\t\t<\/section>\n\t\t\t\t<\/div>\n\t\t","protected":false},"excerpt":{"rendered":"<p>Bienvenue sur la page des kits d&rsquo;activit\u00e9s des Editions Les Ateliers de Sophrologie ! Acheter et t\u00e9l\u00e9charger l&rsquo;ebook ACHETER Acheter ACHETER ACHETER<\/p>\n","protected":false},"author":1,"featured_media":0,"parent":0,"menu_order":0,"comment_status":"closed","ping_status":"closed","template":"","meta":{"om_disable_all_campaigns":false,"footnotes":""},"class_list":["post-4116","page","type-page","status-publish","hentry"],"aioseo_notices":[],"_links":{"self":[{"href":"https:\/\/www.ateliersophro.com\/index.php\/wp-json\/wp\/v2\/pages\/4116","targetHints":{"allow":["GET"]}}],"collection":[{"href":"https:\/\/www.ateliersophro.com\/index.php\/wp-json\/wp\/v2\/pages"}],"about":[{"href":"https:\/\/www.ateliersophro.com\/index.php\/wp-json\/wp\/v2\/types\/page"}],"author":[{"embeddable":true,"href":"https:\/\/www.ateliersophro.com\/index.php\/wp-json\/wp\/v2\/users\/1"}],"replies":[{"embeddable":true,"href":"https:\/\/www.ateliersophro.com\/index.php\/wp-json\/wp\/v2\/comments?post=4116"}],"version-history":[{"count":37,"href":"https:\/\/www.ateliersophro.com\/index.php\/wp-json\/wp\/v2\/pages\/4116\/revisions"}],"predecessor-version":[{"id":4491,"href":"https:\/\/www.ateliersophro.com\/index.php\/wp-json\/wp\/v2\/pages\/4116\/revisions\/4491"}],"wp:attachment":[{"href":"https:\/\/www.ateliersophro.com\/index.php\/wp-json\/wp\/v2\/media?parent=4116"}],"curies":[{"name":"wp","href":"https:\/\/api.w.org\/{rel}","templated":true}]}}