{"id":4232,"date":"2025-09-03T08:29:39","date_gmt":"2025-09-03T06:29:39","guid":{"rendered":"https:\/\/www.ateliersophro.com\/?page_id=4232"},"modified":"2025-09-03T09:01:40","modified_gmt":"2025-09-03T07:01:40","slug":"surmonter-la-peur-avec-la-meteorite-sortie-septembre-2025","status":"publish","type":"page","link":"https:\/\/www.ateliersophro.com\/index.php\/surmonter-la-peur-avec-la-meteorite-sortie-septembre-2025\/","title":{"rendered":"Surmonter la peur avec \u00ab\u00a0La M\u00e9t\u00e9orite\u00a0\u00bb, sortie Septembre 2025"},"content":{"rendered":"\n<p class=\"has-white-background-color has-background\"><em><strong><a href=\"https:\/\/www.ateliersophro.com\/index.php\/les-audios-de-la-meteorite-copy\/\" data-type=\"page\" data-id=\"4630\">Acc\u00e8s aux audios de la m\u00e9t\u00e9orite<\/a><\/strong><\/em><\/p>\n\n\n<div class=\"wp-block-image\">\n<figure class=\"alignleft size-large is-resized\"><img fetchpriority=\"high\" decoding=\"async\" width=\"1024\" height=\"1012\" src=\"https:\/\/www.ateliersophro.com\/wp-content\/uploads\/2025\/09\/Couv-Meteorite-1024x1012.png\" alt=\"\" class=\"wp-image-4406\" style=\"width:502px;height:auto\" srcset=\"https:\/\/www.ateliersophro.com\/wp-content\/uploads\/2025\/09\/Couv-Meteorite-1024x1012.png 1024w, https:\/\/www.ateliersophro.com\/wp-content\/uploads\/2025\/09\/Couv-Meteorite-300x297.png 300w, https:\/\/www.ateliersophro.com\/wp-content\/uploads\/2025\/09\/Couv-Meteorite-768x759.png 768w, https:\/\/www.ateliersophro.com\/wp-content\/uploads\/2025\/09\/Couv-Meteorite.png 1398w\" sizes=\"(max-width: 1024px) 100vw, 1024px\" \/><\/figure><\/div>\n\n\n<figure class=\"wp-block-pullquote\"><blockquote><p>\u00ab Sur un chemin ensoleill\u00e9, un jour, une m\u00e9t\u00e9orite est tomb\u00e9e&#8230;\u00bb<br>Le chemin de l&rsquo;enfance est parfois jonch\u00e9 de m\u00e9t\u00e9orites. \u00c0 la maison, \u00e0 l&rsquo;\u00e9cole, les enfants peuvent faire face \u00e0 des \u00e9preuves plus ou moins grandes, parfois inattendues, et certaines d&rsquo;entre elles peuvent susciter un fort sentiment de peur.<br>Comment d\u00e8s lors rassure-t-on un enfant qui a eu si peur ? L&rsquo;histoire de la m\u00e9t\u00e9orite est une parabole de ces \u00e9preuves et de la r\u00e9silience qui peut s&rsquo;inscrire dans la suite du chemin.<br>\u00ab Veux-tu aider ta peur \u00e0 avoir moins peur ?\u00bb : voici ce que<br>La M\u00e9t\u00e9orite propose \u00e0 travers un conte puis des exercices guid\u00e9s inspir\u00e9s de la sophrologie, l&rsquo;hypnose et l&rsquo;art-th\u00e9rapie \u00e0 lire ou \u00e0 \u00e9couter pour aider les enfants \u00e0 apprivoiser la peur.<br>Caroline Jolivet est sophrologue, hypnoth\u00e9rapeute sp\u00e9cialis\u00e9e dans l&rsquo;accompagnement des enfants, auteure dans la m\u00eame collection de R\u00e9pare mon c\u0153ur pour les petits endeuill\u00e9s, Petite Coccinelle et la valise du sommeil pour les petits dormeurs et Le train de mes pens\u00e9es pour les petits r\u00eaveurs.<br>La M\u00e9t\u00e9orite s&rsquo;adresse en particulier aux petits anxieux (et \u00e0 leurs proches !)<br><br>Pour les enfants de 4 \u00e0 10 ans.<br>Caroline Jolivet<br>www.lesateliersdesophrologie.com<\/p><\/blockquote><\/figure>\n\n\n\n<h1 class=\"wp-block-heading\"><strong>Extrait de \u00ab\u00a0La m\u00e9t\u00e9orite\u00a0\u00bb<\/strong><\/h1>\n\n\n<div class=\"_df_book df-lite\" id=\"df_4267\"  _slug=\"extrait-la-meteorite-un-conte-et-guide-dactivites-pour-surmonter-la-peur\" data-title=\"extrait-la-meteorite-un-conte-et-guide-dactivites-pour-surmonter-la-peur\" wpoptions=\"true\" thumb=\"https:\/\/www.ateliersophro.com\/wp-content\/uploads\/2025\/09\/Couv-Meteorite.png\" thumbtype=\"\" ><\/div><script class=\"df-shortcode-script\" nowprocket type=\"application\/javascript\">window.option_df_4267 = {\"outline\":[],\"viewerType\":\"reader\",\"autoEnableOutline\":\"false\",\"autoEnableThumbnail\":\"false\",\"overwritePDFOutline\":\"false\",\"enableDownload\":\"false\",\"direction\":\"1\",\"pageSize\":\"0\",\"soundEnable\":\"false\",\"source\":\"https:\\\/\\\/www.ateliersophro.com\\\/wp-content\\\/uploads\\\/2025\\\/09\\\/FLIPBOOK-SITE-METEORITE-INTERIEUR-38-19-11SEPTEMBRE_DEFINITIFOK-BAT-1DIVISE_watermark-2_organized.pdf\",\"wpOptions\":\"true\"}; if(window.DFLIP && window.DFLIP.parseBooks){window.DFLIP.parseBooks();}<\/script>\n\n\n\n<div class=\"wp-block-columns is-layout-flex wp-container-core-columns-is-layout-9d6595d7 wp-block-columns-is-layout-flex\">\n<div class=\"wp-block-column is-layout-flow wp-block-column-is-layout-flow\">\n<figure class=\"wp-block-image size-large\"><img decoding=\"async\" width=\"576\" height=\"1024\" src=\"https:\/\/www.ateliersophro.com\/wp-content\/uploads\/2025\/09\/Story-Meteorite-576x1024.jpg\" alt=\"\" class=\"wp-image-4403\" srcset=\"https:\/\/www.ateliersophro.com\/wp-content\/uploads\/2025\/09\/Story-Meteorite-576x1024.jpg 576w, https:\/\/www.ateliersophro.com\/wp-content\/uploads\/2025\/09\/Story-Meteorite-169x300.jpg 169w, https:\/\/www.ateliersophro.com\/wp-content\/uploads\/2025\/09\/Story-Meteorite-768x1365.jpg 768w, https:\/\/www.ateliersophro.com\/wp-content\/uploads\/2025\/09\/Story-Meteorite-864x1536.jpg 864w, https:\/\/www.ateliersophro.com\/wp-content\/uploads\/2025\/09\/Story-Meteorite.jpg 1080w\" sizes=\"(max-width: 576px) 100vw, 576px\" \/><\/figure>\n<\/div>\n\n\n\n<div class=\"wp-block-column is-layout-flow wp-block-column-is-layout-flow\">\n<figure class=\"wp-block-image size-large\"><img decoding=\"async\" width=\"576\" height=\"1024\" src=\"https:\/\/www.ateliersophro.com\/wp-content\/uploads\/2025\/09\/5-576x1024.jpg\" alt=\"\" class=\"wp-image-4224\" srcset=\"https:\/\/www.ateliersophro.com\/wp-content\/uploads\/2025\/09\/5-576x1024.jpg 576w, https:\/\/www.ateliersophro.com\/wp-content\/uploads\/2025\/09\/5-169x300.jpg 169w, https:\/\/www.ateliersophro.com\/wp-content\/uploads\/2025\/09\/5-768x1365.jpg 768w, https:\/\/www.ateliersophro.com\/wp-content\/uploads\/2025\/09\/5-864x1536.jpg 864w, https:\/\/www.ateliersophro.com\/wp-content\/uploads\/2025\/09\/5.jpg 1080w\" sizes=\"(max-width: 576px) 100vw, 576px\" \/><\/figure>\n<\/div>\n\n\n\n<div class=\"wp-block-column is-layout-flow wp-block-column-is-layout-flow\">\n<figure class=\"wp-block-image size-large\"><img loading=\"lazy\" decoding=\"async\" width=\"576\" height=\"1024\" src=\"https:\/\/www.ateliersophro.com\/wp-content\/uploads\/2025\/09\/6-576x1024.jpg\" alt=\"\" class=\"wp-image-4228\" srcset=\"https:\/\/www.ateliersophro.com\/wp-content\/uploads\/2025\/09\/6-576x1024.jpg 576w, https:\/\/www.ateliersophro.com\/wp-content\/uploads\/2025\/09\/6-169x300.jpg 169w, https:\/\/www.ateliersophro.com\/wp-content\/uploads\/2025\/09\/6-768x1365.jpg 768w, https:\/\/www.ateliersophro.com\/wp-content\/uploads\/2025\/09\/6-864x1536.jpg 864w, https:\/\/www.ateliersophro.com\/wp-content\/uploads\/2025\/09\/6.jpg 1080w\" sizes=\"(max-width: 576px) 100vw, 576px\" \/><\/figure>\n<\/div>\n<\/div>\n\n\n\n\n\n<figure class=\"wp-block-image size-full\"><img loading=\"lazy\" decoding=\"async\" width=\"940\" height=\"788\" src=\"https:\/\/www.ateliersophro.com\/wp-content\/uploads\/2025\/09\/18.jpg\" alt=\"\" class=\"wp-image-4240\" srcset=\"https:\/\/www.ateliersophro.com\/wp-content\/uploads\/2025\/09\/18.jpg 940w, https:\/\/www.ateliersophro.com\/wp-content\/uploads\/2025\/09\/18-300x251.jpg 300w, https:\/\/www.ateliersophro.com\/wp-content\/uploads\/2025\/09\/18-768x644.jpg 768w\" sizes=\"(max-width: 940px) 100vw, 940px\" \/><\/figure>\n\n\n\n<figure class=\"wp-block-image size-full\"><img loading=\"lazy\" decoding=\"async\" width=\"940\" height=\"788\" src=\"https:\/\/www.ateliersophro.com\/wp-content\/uploads\/2025\/09\/23.jpg\" alt=\"\" class=\"wp-image-4235\" srcset=\"https:\/\/www.ateliersophro.com\/wp-content\/uploads\/2025\/09\/23.jpg 940w, https:\/\/www.ateliersophro.com\/wp-content\/uploads\/2025\/09\/23-300x251.jpg 300w, https:\/\/www.ateliersophro.com\/wp-content\/uploads\/2025\/09\/23-768x644.jpg 768w\" sizes=\"(max-width: 940px) 100vw, 940px\" \/><\/figure>\n\n\n\n<p><\/p>\n\n\n\n<p><strong>A voir aussi :  le suppl\u00e9ment de la M\u00e9t\u00e9orite, un kit d&rsquo;activit\u00e9s \u00e0 t\u00e9l\u00e9charger \u00ab\u00a0D\u00e9guise ta m\u00e9t\u00e9orite !\u00a0\u00bb<\/strong> pour transformer sa peur<\/p>\n\n\n\n<div class=\"wp-block-columns is-layout-flex wp-container-core-columns-is-layout-9d6595d7 wp-block-columns-is-layout-flex\">\n<div class=\"wp-block-column is-layout-flow wp-block-column-is-layout-flow\" style=\"flex-basis:33.33%\">\n<figure class=\"wp-block-image size-full\"><img loading=\"lazy\" decoding=\"async\" width=\"940\" height=\"788\" src=\"https:\/\/www.ateliersophro.com\/wp-content\/uploads\/2025\/08\/7.jpg\" alt=\"\" class=\"wp-image-4191\" srcset=\"https:\/\/www.ateliersophro.com\/wp-content\/uploads\/2025\/08\/7.jpg 940w, https:\/\/www.ateliersophro.com\/wp-content\/uploads\/2025\/08\/7-300x251.jpg 300w, https:\/\/www.ateliersophro.com\/wp-content\/uploads\/2025\/08\/7-768x644.jpg 768w\" sizes=\"(max-width: 940px) 100vw, 940px\" \/><\/figure>\n<\/div>\n\n\n\n<div class=\"wp-block-column is-layout-flow wp-block-column-is-layout-flow\" style=\"flex-basis:66.66%\">\n<figure class=\"wp-block-image size-full\"><img loading=\"lazy\" decoding=\"async\" width=\"940\" height=\"788\" src=\"https:\/\/www.ateliersophro.com\/wp-content\/uploads\/2025\/08\/8.jpg\" alt=\"\" class=\"wp-image-4190\" srcset=\"https:\/\/www.ateliersophro.com\/wp-content\/uploads\/2025\/08\/8.jpg 940w, https:\/\/www.ateliersophro.com\/wp-content\/uploads\/2025\/08\/8-300x251.jpg 300w, https:\/\/www.ateliersophro.com\/wp-content\/uploads\/2025\/08\/8-768x644.jpg 768w\" sizes=\"(max-width: 940px) 100vw, 940px\" \/><\/figure>\n<\/div>\n<\/div>\n\n\n\n<p><\/p>\n","protected":false},"excerpt":{"rendered":"<p>Acc\u00e8s aux audios de la m\u00e9t\u00e9orite \u00ab Sur un chemin ensoleill\u00e9, un jour, une m\u00e9t\u00e9orite est tomb\u00e9e&#8230;\u00bbLe chemin de l&rsquo;enfance est parfois jonch\u00e9 de m\u00e9t\u00e9orites. \u00c0 la maison, \u00e0 l&rsquo;\u00e9cole, les enfants peuvent faire face \u00e0 des \u00e9preuves plus ou moins grandes, parfois inattendues, et certaines d&rsquo;entre elles peuvent susciter un fort sentiment de peur.Comment [&hellip;]<\/p>\n","protected":false},"author":1,"featured_media":0,"parent":0,"menu_order":0,"comment_status":"closed","ping_status":"closed","template":"elementor_header_footer","meta":{"om_disable_all_campaigns":false,"footnotes":""},"class_list":["post-4232","page","type-page","status-publish","hentry"],"aioseo_notices":[],"_links":{"self":[{"href":"https:\/\/www.ateliersophro.com\/index.php\/wp-json\/wp\/v2\/pages\/4232","targetHints":{"allow":["GET"]}}],"collection":[{"href":"https:\/\/www.ateliersophro.com\/index.php\/wp-json\/wp\/v2\/pages"}],"about":[{"href":"https:\/\/www.ateliersophro.com\/index.php\/wp-json\/wp\/v2\/types\/page"}],"author":[{"embeddable":true,"href":"https:\/\/www.ateliersophro.com\/index.php\/wp-json\/wp\/v2\/users\/1"}],"replies":[{"embeddable":true,"href":"https:\/\/www.ateliersophro.com\/index.php\/wp-json\/wp\/v2\/comments?post=4232"}],"version-history":[{"count":12,"href":"https:\/\/www.ateliersophro.com\/index.php\/wp-json\/wp\/v2\/pages\/4232\/revisions"}],"predecessor-version":[{"id":4261,"href":"https:\/\/www.ateliersophro.com\/index.php\/wp-json\/wp\/v2\/pages\/4232\/revisions\/4261"}],"wp:attachment":[{"href":"https:\/\/www.ateliersophro.com\/index.php\/wp-json\/wp\/v2\/media?parent=4232"}],"curies":[{"name":"wp","href":"https:\/\/api.w.org\/{rel}","templated":true}]}}