{"id":457,"date":"2018-09-11T14:26:40","date_gmt":"2018-09-11T12:26:40","guid":{"rendered":"http:\/\/ateliersophro.com\/index.php\/thank-you\/"},"modified":"2018-10-24T14:49:34","modified_gmt":"2018-10-24T12:49:34","slug":"thank-you","status":"publish","type":"page","link":"https:\/\/www.ateliersophro.com\/index.php\/thank-you\/","title":{"rendered":"Merci !"},"content":{"rendered":"<p>Votre demande d&rsquo;inscription \u00e0 l&rsquo;atelier a bien \u00e9t\u00e9 enregistr\u00e9e. Un email vient de vous \u00eatre envoy\u00e9 : merci de compl\u00e9ter la fiche de renseignement en cliquant sur le lien dans l&#8217;email pour finaliser votre inscription.<\/p>\n<p>Tr\u00e8s belle journ\u00e9e,<\/p>\n<p>Caroline Jolivet,<\/p>\n<p>Sophrologue RNCP<\/p>\n<p>cjolivet@ateliersophro.com<\/p>\n<p>tel : 06 50 74 31 00<\/p>\n","protected":false},"excerpt":{"rendered":"<p>Votre demande d&rsquo;inscription \u00e0 l&rsquo;atelier a bien \u00e9t\u00e9 enregistr\u00e9e. Un email vient de vous \u00eatre envoy\u00e9 : merci de compl\u00e9ter la fiche de renseignement en cliquant sur le lien dans l&#8217;email pour finaliser votre inscription. Tr\u00e8s belle journ\u00e9e, Caroline Jolivet, Sophrologue RNCP cjolivet@ateliersophro.com tel : 06 50 74 31 00<\/p>\n","protected":false},"author":1,"featured_media":0,"parent":0,"menu_order":0,"comment_status":"closed","ping_status":"closed","template":"","meta":{"om_disable_all_campaigns":false,"footnotes":""},"class_list":["post-457","page","type-page","status-publish","hentry"],"aioseo_notices":[],"_links":{"self":[{"href":"https:\/\/www.ateliersophro.com\/index.php\/wp-json\/wp\/v2\/pages\/457","targetHints":{"allow":["GET"]}}],"collection":[{"href":"https:\/\/www.ateliersophro.com\/index.php\/wp-json\/wp\/v2\/pages"}],"about":[{"href":"https:\/\/www.ateliersophro.com\/index.php\/wp-json\/wp\/v2\/types\/page"}],"author":[{"embeddable":true,"href":"https:\/\/www.ateliersophro.com\/index.php\/wp-json\/wp\/v2\/users\/1"}],"replies":[{"embeddable":true,"href":"https:\/\/www.ateliersophro.com\/index.php\/wp-json\/wp\/v2\/comments?post=457"}],"version-history":[{"count":2,"href":"https:\/\/www.ateliersophro.com\/index.php\/wp-json\/wp\/v2\/pages\/457\/revisions"}],"predecessor-version":[{"id":1028,"href":"https:\/\/www.ateliersophro.com\/index.php\/wp-json\/wp\/v2\/pages\/457\/revisions\/1028"}],"wp:attachment":[{"href":"https:\/\/www.ateliersophro.com\/index.php\/wp-json\/wp\/v2\/media?parent=457"}],"curies":[{"name":"wp","href":"https:\/\/api.w.org\/{rel}","templated":true}]}}