{"id":4606,"date":"2025-10-16T17:34:03","date_gmt":"2025-10-16T15:34:03","guid":{"rendered":"https:\/\/www.ateliersophro.com\/?page_id=4606"},"modified":"2025-11-09T10:41:19","modified_gmt":"2025-11-09T09:41:19","slug":"la-meteorite-livre-pour-enfants","status":"publish","type":"page","link":"https:\/\/www.ateliersophro.com\/index.php\/la-meteorite-livre-pour-enfants\/","title":{"rendered":"La m\u00e9t\u00e9orite &#8211; Surmonter la peur"},"content":{"rendered":"\n<h2>\n\t\t\tNOUVEAUT\u00c9 : LA M\u00c9T\u00c9ORITE\t<\/h2>\n\t<blockquote>\n<h2>Un conte et guide d&rsquo;activit\u00e9s pour apprivoiser la peur.<\/h2>\n<\/blockquote>\n<p>SORTIE NOVEMBRE 2025<\/p>\n\t\t\t\t<img loading=\"lazy\" decoding=\"async\" src=\"https:\/\/www.ateliersophro.com\/wp-content\/uploads\/2025\/10\/Couv-Meteorite.jpeg\" alt=\"Screenshot\" itemprop=\"image\" height=\"1382\" width=\"1398\" title=\"Screenshot\" onerror=\"this.style.display='none'\" loading=\"lazy\" \/>\n<h2>\n\t\t\t\u00ab Veux-tu aider ta peur \u00e0 avoir moins peur ?\u00bb \t<\/h2>\n\t<blockquote>\n<h2>Voici ce que <em>La M\u00e9t\u00e9orite<\/em> propose \u00e0 travers un conte puis des exercices guid\u00e9s inspir\u00e9s de la sophrologie, l&rsquo;hypnose et l&rsquo;art-th\u00e9rapie \u00e0 lire ou \u00e0 \u00e9couter pour aider les enfants \u00e0 apprivoiser leur peur.<\/h2>\n<\/blockquote>\n\t\t\t<a href=\"https:\/\/www.amazon.fr\/m%C3%A9t%C3%A9orite-Caroline-Jolivet\/dp\/B0FX8HNYVM\/ref=sr_1_1?__mk_fr_FR=%C3%85M%C3%85%C5%BD%C3%95%C3%91&#038;crid=3PKUTOGBHR43B&#038;dib=eyJ2IjoiMSJ9.VdnwVkaMeEYyjubY1SfArQ.A1wxRcD-bT3WZNCNDU-RPVr4KAJ9im64iTHvZY9MCKA&#038;dib_tag=se&#038;keywords=la+m%C3%A9t%C3%A9orite+caroline+jolivet&#038;qid=1761939336&#038;s=books&#038;sprefix=la+m%C3%A9t%C3%A9orite+caroline+jolivet%2Cstripbooks%2C56&#038;sr=1-1\" target=\"_self\" rel=\"noopener\">\n\t\t\t\t\t\tAcheter \u00ab\u00a0La m\u00e9t\u00e9orite\u00a0\u00bb\n\t\t\t\t\t<\/a>\n<h2>\n\t\t\tUn extrait \u00e0 d\u00e9couvrir :\t<\/h2>\n\t<div class=\"_df_book df-lite\" id=\"df_4586\"  _slug=\"extrait-la-meteorite\" data-title=\"protege-extrait-la-meteorite\" wpoptions=\"true\" thumb=\"https:\/\/www.ateliersophro.com\/wp-content\/uploads\/2025\/10\/Couv-Meteorite.jpeg\" thumbtype=\"\" ><\/div><script class=\"df-shortcode-script\" nowprocket type=\"application\/javascript\">window.option_df_4586 = {\"outline\":[],\"viewerType\":\"reader\",\"autoEnableOutline\":\"false\",\"autoEnableThumbnail\":\"false\",\"overwritePDFOutline\":\"false\",\"direction\":\"1\",\"pageSize\":\"0\",\"source\":\"https:\\\/\\\/www.ateliersophro.com\\\/wp-content\\\/uploads\\\/2025\\\/09\\\/FLIPBOOK-SITE-METEORITE-INTERIEUR-38-19-11SEPTEMBRE_DEFINITIFOK-BAT-1DIVISE_watermark-2.pdf\",\"wpOptions\":\"true\"}; if(window.DFLIP && window.DFLIP.parseBooks){window.DFLIP.parseBooks();}<\/script>\n\t\t\t\t<img loading=\"lazy\" decoding=\"async\" src=\"https:\/\/www.ateliersophro.com\/wp-content\/uploads\/2025\/09\/Story-Meteorite.jpg\" alt=\"Story-Meteorite\" itemprop=\"image\" height=\"1920\" width=\"1080\" title=\"Story-Meteorite\" onerror=\"this.style.display='none'\" loading=\"lazy\" \/>\n<h2>\n\t\t\t\u00ab Sur un chemin ensoleill\u00e9, un jour, une m\u00e9t\u00e9orite est tomb\u00e9e&#8230;\u00bb \t<\/h2>\n\t<blockquote>\n<h2>Le chemin de l&rsquo;enfance est parfois jonch\u00e9 de m\u00e9t\u00e9orites. \u00c0 la maison, \u00e0 l&rsquo;\u00e9cole, les enfants peuvent faire face \u00e0 des \u00e9preuves plus ou moins grandes, parfois inattendues, et certaines d&rsquo;entre elles peuvent susciter un fort sentiment de peur. Comment d\u00e8s lors rassure-t-on un enfant qui a eu si peur ? L&rsquo;histoire de la m\u00e9t\u00e9orite est une parabole de ces \u00e9preuves et de la r\u00e9silience qui peut s&rsquo;inscrire dans la suite du chemin.<\/h2>\n<\/blockquote>\n<h2>\n\t\t\tUne partie activit\u00e9s\t<\/h2>\n\t<blockquote>\n<h3>avec des exercices parmi lesquels piocher pour apprivoiser la peur \u00e0 sa fa\u00e7on !<\/h3>\n<\/blockquote>\n<h2>\n\t\t\tEt des audios pour se laisser guider&#8230;\t<\/h2>\n\t\t\t\t<img loading=\"lazy\" decoding=\"async\" src=\"https:\/\/www.ateliersophro.com\/wp-content\/uploads\/2025\/10\/Audios-Meteorite-2.png\" alt=\"Audios-Meteorite\" itemprop=\"image\" height=\"1080\" width=\"1080\" title=\"Audios-Meteorite\" onerror=\"this.style.display='none'\" loading=\"lazy\" \/>\n\t\t\t\t<img loading=\"lazy\" decoding=\"async\" src=\"https:\/\/www.ateliersophro.com\/wp-content\/uploads\/2025\/10\/25.jpg\" alt=\"25\" itemprop=\"image\" height=\"788\" width=\"940\" title=\"25\" onerror=\"this.style.display='none'\" loading=\"lazy\" \/>\n\t\t\t\t<img loading=\"lazy\" decoding=\"async\" src=\"https:\/\/www.ateliersophro.com\/wp-content\/uploads\/2025\/10\/26.jpg\" alt=\"26\" itemprop=\"image\" height=\"788\" width=\"940\" title=\"26\" onerror=\"this.style.display='none'\" loading=\"lazy\" \/>\n\t\t\t\t<img loading=\"lazy\" decoding=\"async\" src=\"https:\/\/www.ateliersophro.com\/wp-content\/uploads\/2025\/10\/1.png\" alt=\"1\" itemprop=\"image\" height=\"1080\" width=\"1080\" title=\"1\" onerror=\"this.style.display='none'\" loading=\"lazy\" \/>\n\t\t\t\t<img loading=\"lazy\" decoding=\"async\" src=\"https:\/\/www.ateliersophro.com\/wp-content\/uploads\/2025\/10\/6.png\" alt=\"6\" itemprop=\"image\" height=\"1080\" width=\"1080\" title=\"6\" onerror=\"this.style.display='none'\" loading=\"lazy\" \/>\n\t\t\t\t<img loading=\"lazy\" decoding=\"async\" src=\"https:\/\/www.ateliersophro.com\/wp-content\/uploads\/2025\/10\/2.png\" alt=\"2\" itemprop=\"image\" height=\"1080\" width=\"1080\" title=\"2\" onerror=\"this.style.display='none'\" loading=\"lazy\" \/>\n\t\t\t\t<img loading=\"lazy\" decoding=\"async\" src=\"https:\/\/www.ateliersophro.com\/wp-content\/uploads\/2025\/10\/7.png\" alt=\"7\" itemprop=\"image\" height=\"1080\" width=\"1080\" title=\"7\" onerror=\"this.style.display='none'\" loading=\"lazy\" \/>\n\t\t\t\t<img loading=\"lazy\" decoding=\"async\" src=\"https:\/\/www.ateliersophro.com\/wp-content\/uploads\/2025\/10\/3.png\" alt=\"3\" itemprop=\"image\" height=\"1080\" width=\"1080\" title=\"3\" onerror=\"this.style.display='none'\" loading=\"lazy\" \/>\n\t\t\t\t<img loading=\"lazy\" decoding=\"async\" src=\"https:\/\/www.ateliersophro.com\/wp-content\/uploads\/2025\/10\/8.png\" alt=\"8\" itemprop=\"image\" height=\"1080\" width=\"1080\" title=\"8\" onerror=\"this.style.display='none'\" loading=\"lazy\" \/>\n\t\t\t\t<img loading=\"lazy\" decoding=\"async\" src=\"https:\/\/www.ateliersophro.com\/wp-content\/uploads\/2025\/10\/4.png\" alt=\"4\" itemprop=\"image\" height=\"1080\" width=\"1080\" title=\"4\" onerror=\"this.style.display='none'\" loading=\"lazy\" \/>\n\t\t\t\t<img loading=\"lazy\" decoding=\"async\" src=\"https:\/\/www.ateliersophro.com\/wp-content\/uploads\/2025\/10\/9.png\" alt=\"9\" itemprop=\"image\" height=\"1080\" width=\"1080\" title=\"9\" onerror=\"this.style.display='none'\" loading=\"lazy\" \/>\n\t\t\t\t<img loading=\"lazy\" decoding=\"async\" src=\"https:\/\/www.ateliersophro.com\/wp-content\/uploads\/2025\/10\/5.png\" alt=\"5\" itemprop=\"image\" height=\"1080\" width=\"1080\" title=\"5\" onerror=\"this.style.display='none'\" loading=\"lazy\" \/>\n\t\t\t\t<img loading=\"lazy\" decoding=\"async\" src=\"https:\/\/www.ateliersophro.com\/wp-content\/uploads\/2025\/10\/10.png\" alt=\"10\" itemprop=\"image\" height=\"1080\" width=\"1080\" title=\"10\" onerror=\"this.style.display='none'\" loading=\"lazy\" \/>\n<h2>\n\t\t\tL&rsquo;AUTEURE\t<\/h2>\n\t<p><strong>CAROLINE JOLIVET<\/strong><\/p>\n\t<h3><strong>Caroline Jolivet<\/strong> devient sophrologue, hypnoth\u00e9rapeute apr\u00e8s la mort de son mari lors des attentats de 2015, p\u00e8re de leurs enfants alors \u00e2g\u00e9s de 2 et 6 ans. C&rsquo;est tout d&rsquo;abord pour aider ses enfants qu&rsquo;elle se lance dans cette nouvelle voie professionnelle, une mani\u00e8re de retrouver du sens \u00e0 la vie qui se poursuit.<\/h3>\n<h3>Sp\u00e9cialis\u00e9e dans l&rsquo;accompagnement des enfants, elle est l&rsquo;auteure de plusieurs ouvrages dans la m\u00eame collection\u00a0 : <em>R\u00e9pare mon c\u0153ur<\/em> pour les petits endeuill\u00e9s, <em>Petite Coccinelle et la valise du sommeil<\/em> pour les petits dormeurs et <em>Le train de mes pens\u00e9es<\/em> pour les petits r\u00eaveurs. <em>La M\u00e9t\u00e9orite<\/em> s&rsquo;adresse quant \u00e0 elle aux petits anxieux qui cherchent \u00e0 apaiser les peurs qui font trop peur.<\/h3>\n\t\t\t\t<img loading=\"lazy\" decoding=\"async\" src=\"https:\/\/www.ateliersophro.com\/wp-content\/uploads\/2023\/04\/IMG_0402-scaled.jpg\" alt=\"IMG_0402\" itemprop=\"image\" height=\"1707\" width=\"2560\" title=\"IMG_0402\" onerror=\"this.style.display='none'\" loading=\"lazy\" \/>\n\t\t\t<a href=\"https:\/\/www.amazon.fr\/m%C3%A9t%C3%A9orite-Caroline-Jolivet\/dp\/B0FX8HNYVM\/ref=sr_1_1?__mk_fr_FR=%C3%85M%C3%85%C5%BD%C3%95%C3%91&#038;crid=3PKUTOGBHR43B&#038;dib=eyJ2IjoiMSJ9.VdnwVkaMeEYyjubY1SfArQ.A1wxRcD-bT3WZNCNDU-RPVr4KAJ9im64iTHvZY9MCKA&#038;dib_tag=se&#038;keywords=la+m%C3%A9t%C3%A9orite+caroline+jolivet&#038;qid=1761939336&#038;s=books&#038;sprefix=la+m%C3%A9t%C3%A9orite+caroline+jolivet%2Cstripbooks%2C56&#038;sr=1-1\" target=\"_self\" rel=\"noopener\">\n\t\t\t\t\t\tAcheter \u00ab\u00a0La m\u00e9t\u00e9orite\u00a0\u00bb\n\t\t\t\t\t<\/a>\n\t\t\t<a href=\"https:\/\/www.ateliersophro.com\/index.php\/livres-pour-enfants\/\" target=\"_self\">\n\t\t\t\t\t\tTous les livres \/ boutique\n\t\t\t\t\t<\/a>\n<h2>\n\t\t\tET DANS LA M\u00caME COLLECTION\t<\/h2>\n\t<p><strong>#CONCENTRATION<\/strong><\/p>\n\t\t\t\t<img loading=\"lazy\" decoding=\"async\" src=\"https:\/\/www.ateliersophro.com\/wp-content\/uploads\/2023\/04\/5-1.png\" alt=\"5\" itemprop=\"image\" height=\"1080\" width=\"1080\" title=\"5\" onerror=\"this.style.display='none'\" loading=\"lazy\" \/>\n\t<p><strong>#SOMMEIL<\/strong><\/p>\n\t\t\t\t<img loading=\"lazy\" decoding=\"async\" src=\"https:\/\/www.ateliersophro.com\/wp-content\/uploads\/2022\/08\/Petite-Coccinelle-COUV-octobre2021-MALAYLAM_21.jpg\" alt=\"Petite-Coccinelle-COUV-octobre2021-MALAYLAM_2(1)\" itemprop=\"image\" height=\"2245\" width=\"2266\" title=\"Petite-Coccinelle-COUV-octobre2021-MALAYLAM_2(1)\" onerror=\"this.style.display='none'\" loading=\"lazy\" \/>\n\t<p><strong>#DEUIL<\/strong><\/p>\n\t\t\t\t<img loading=\"lazy\" decoding=\"async\" src=\"https:\/\/www.ateliersophro.com\/wp-content\/uploads\/2021\/11\/Repare-mon-coeur-Couv.png\" alt=\"Repare-mon-coeur-Couv\" itemprop=\"image\" height=\"1410\" width=\"1448\" title=\"Repare-mon-coeur-Couv\" onerror=\"this.style.display='none'\" loading=\"lazy\" \/>\n\t\t\t\t<img loading=\"lazy\" decoding=\"async\" src=\"https:\/\/www.ateliersophro.com\/wp-content\/uploads\/2025\/09\/Petite-Coccinelle.png\" alt=\"Petite-Coccinelle\" itemprop=\"image\" height=\"744\" width=\"696\" title=\"Petite-Coccinelle\" onerror=\"this.style.display='none'\" loading=\"lazy\" \/>\n\t\t\t<a href=\"https:\/\/www.ateliersophro.com\/index.php\/livres-pour-enfants\/\" target=\"_self\">\n\t\t\t\t\t\ttous les livres pour enfants\n\t\t\t\t\t<\/a>\n<h2>\n\t\t\tNOUVEAU ! LES KITS D&rsquo;ACTIVIT\u00c9S !\t<\/h2>\n\t\t\t\t<img loading=\"lazy\" decoding=\"async\" src=\"https:\/\/www.ateliersophro.com\/wp-content\/uploads\/2025\/10\/4.jpg\" alt=\"4\" itemprop=\"image\" height=\"788\" width=\"940\" title=\"4\" onerror=\"this.style.display='none'\" loading=\"lazy\" \/>\n\t\t\t\t<img loading=\"lazy\" decoding=\"async\" src=\"https:\/\/www.ateliersophro.com\/wp-content\/uploads\/2025\/10\/3.jpg\" alt=\"3\" itemprop=\"image\" height=\"788\" width=\"940\" title=\"3\" onerror=\"this.style.display='none'\" loading=\"lazy\" \/>\n\t\t\t\t<img loading=\"lazy\" decoding=\"async\" src=\"https:\/\/www.ateliersophro.com\/wp-content\/uploads\/2025\/08\/8.jpg\" alt=\"8\" itemprop=\"image\" height=\"788\" width=\"940\" title=\"8\" onerror=\"this.style.display='none'\" loading=\"lazy\" \/>\n\t\t\t\t<img loading=\"lazy\" decoding=\"async\" src=\"https:\/\/www.ateliersophro.com\/wp-content\/uploads\/2025\/10\/8.jpg\" alt=\"8\" itemprop=\"image\" height=\"788\" width=\"940\" title=\"8\" onerror=\"this.style.display='none'\" loading=\"lazy\" \/>\n\t\t\t<a href=\"https:\/\/www.ateliersophro.com\/index.php\/livres-pour-enfants\/\" target=\"_self\">\n\t\t\t\t\t\tTOUS LES TITRES !\n\t\t\t\t\t<\/a>\n\t\t\t\t<img decoding=\"async\" src=\"https:\/\/www.ateliersophro.com\/wp-content\/plugins\/beaver-builder-lite-version\/img\/pixel.png\" alt=\"\" itemprop=\"image\" onerror=\"this.style.display='none'\" loading=\"lazy\" \/>\n\t<blockquote>\n<h5>PROCHAINE SIGNATURE : Rendez-vous le dimanche 16 novembre pour le salon de Cheux<\/h5>\n<\/blockquote>\n\t\t\t\t<img decoding=\"async\" src=\"https:\/\/www.ateliersophro.com\/wp-content\/plugins\/beaver-builder-lite-version\/img\/pixel.png\" alt=\"\" itemprop=\"image\" onerror=\"this.style.display='none'\" loading=\"lazy\" \/>\n<h2>\n\t\t\tDANS LA PRESSE\t<\/h2>\n\t\t\t\t<img loading=\"lazy\" decoding=\"async\" src=\"https:\/\/www.ateliersophro.com\/wp-content\/uploads\/2023\/05\/mag.jpeg\" alt=\"mag\" itemprop=\"image\" height=\"2048\" width=\"1638\" title=\"mag\" onerror=\"this.style.display='none'\" loading=\"lazy\" \/>\n\t\t\t\t<img loading=\"lazy\" decoding=\"async\" src=\"https:\/\/www.ateliersophro.com\/wp-content\/uploads\/2022\/12\/304858995_10160765073551178_7888802620464726461_n.jpg\" alt=\"304858995_10160765073551178_7888802620464726461_n\" itemprop=\"image\" height=\"2048\" width=\"1536\" title=\"304858995_10160765073551178_7888802620464726461_n\" onerror=\"this.style.display='none'\" loading=\"lazy\" \/>\n\t\t\t\t<img loading=\"lazy\" decoding=\"async\" src=\"https:\/\/www.ateliersophro.com\/wp-content\/uploads\/2023\/05\/meditation-magazine3.jpeg\" alt=\"meditation-magazine3\" itemprop=\"image\" height=\"2048\" width=\"1536\" title=\"meditation-magazine3\" onerror=\"this.style.display='none'\" loading=\"lazy\" \/>\n\t\t\t\t<img loading=\"lazy\" decoding=\"async\" src=\"https:\/\/www.ateliersophro.com\/wp-content\/uploads\/2022\/12\/319865425_5736493523138806_2252811242934101244_n.jpg\" alt=\"319865425_5736493523138806_2252811242934101244_n\" itemprop=\"image\" height=\"960\" width=\"730\" title=\"319865425_5736493523138806_2252811242934101244_n\" onerror=\"this.style.display='none'\" loading=\"lazy\" \/>\n\t\t\t\t<img loading=\"lazy\" decoding=\"async\" src=\"https:\/\/www.ateliersophro.com\/wp-content\/uploads\/2023\/05\/meditationmag.jpeg\" alt=\"meditationmag\" itemprop=\"image\" height=\"960\" width=\"720\" title=\"meditationmag\" onerror=\"this.style.display='none'\" loading=\"lazy\" \/>\n\t\t\t\t<img loading=\"lazy\" decoding=\"async\" src=\"https:\/\/www.ateliersophro.com\/wp-content\/uploads\/2022\/12\/305267521_10160765073581178_1308135628359854247_n.jpg\" alt=\"305267521_10160765073581178_1308135628359854247_n\" itemprop=\"image\" height=\"2048\" width=\"1536\" title=\"305267521_10160765073581178_1308135628359854247_n\" onerror=\"this.style.display='none'\" loading=\"lazy\" \/>\n\t\t\t\t<img loading=\"lazy\" decoding=\"async\" src=\"https:\/\/www.ateliersophro.com\/wp-content\/uploads\/2022\/12\/319959093_835524354421003_4086175955984445756_n.jpg\" alt=\"319959093_835524354421003_4086175955984445756_n\" itemprop=\"image\" height=\"960\" width=\"720\" title=\"319959093_835524354421003_4086175955984445756_n\" onerror=\"this.style.display='none'\" loading=\"lazy\" \/>\n\t\t\t\t<img loading=\"lazy\" decoding=\"async\" src=\"https:\/\/www.ateliersophro.com\/wp-content\/uploads\/2022\/12\/305197843_10160765073606178_7131565398638963807_n.jpg\" alt=\"305197843_10160765073606178_7131565398638963807_n\" itemprop=\"image\" height=\"2048\" width=\"1536\" title=\"305197843_10160765073606178_7131565398638963807_n\" onerror=\"this.style.display='none'\" loading=\"lazy\" \/>\n\t\t\t<a href=\"https:\/\/www.ateliersophro.com\/wp-content\/uploads\/2025\/10\/COUVERTURE-BAT-LA-METEORITE-SEPTEMBRE2025.pdf\" target=\"_self\">\n\t\t\t\t\t\tT\u00e9l\u00e9charger le fichier PDF \u00ab\u00a0La m\u00e9t\u00e9orite\u00a0\u00bb\n\t\t\t\t\t<\/a>\n\t\t\t<a href=\"https:\/\/www.ateliersophro.com\/wp-content\/uploads\/2025\/10\/COUVERTURE-BAT-Meteorite-SEPTEMBRE2025-scaled.jpg\" target=\"_self\">\n\t\t\t\t\t\tT\u00e9l\u00e9charger le fichier JPG \u00ab\u00a0La m\u00e9t\u00e9orite\u00a0\u00bb\n\t\t\t\t\t<\/a>\n\n","protected":false},"excerpt":{"rendered":"<p>NOUVEAUT\u00c9 : LA M\u00c9T\u00c9ORITE Un conte et guide d&rsquo;activit\u00e9s pour apprivoiser la peur. SORTIE NOVEMBRE 2025 \u00ab Veux-tu aider ta peur \u00e0 avoir moins peur ?\u00bb Voici ce que La M\u00e9t\u00e9orite propose \u00e0 travers un conte puis des exercices guid\u00e9s inspir\u00e9s de la sophrologie, l&rsquo;hypnose et l&rsquo;art-th\u00e9rapie \u00e0 lire ou \u00e0 \u00e9couter pour aider les [&hellip;]<\/p>\n","protected":false},"author":1,"featured_media":0,"parent":0,"menu_order":0,"comment_status":"closed","ping_status":"closed","template":"full-width-page.php","meta":{"om_disable_all_campaigns":false,"footnotes":""},"class_list":["post-4606","page","type-page","status-publish","hentry"],"aioseo_notices":[],"_links":{"self":[{"href":"https:\/\/www.ateliersophro.com\/index.php\/wp-json\/wp\/v2\/pages\/4606","targetHints":{"allow":["GET"]}}],"collection":[{"href":"https:\/\/www.ateliersophro.com\/index.php\/wp-json\/wp\/v2\/pages"}],"about":[{"href":"https:\/\/www.ateliersophro.com\/index.php\/wp-json\/wp\/v2\/types\/page"}],"author":[{"embeddable":true,"href":"https:\/\/www.ateliersophro.com\/index.php\/wp-json\/wp\/v2\/users\/1"}],"replies":[{"embeddable":true,"href":"https:\/\/www.ateliersophro.com\/index.php\/wp-json\/wp\/v2\/comments?post=4606"}],"version-history":[{"count":18,"href":"https:\/\/www.ateliersophro.com\/index.php\/wp-json\/wp\/v2\/pages\/4606\/revisions"}],"predecessor-version":[{"id":4703,"href":"https:\/\/www.ateliersophro.com\/index.php\/wp-json\/wp\/v2\/pages\/4606\/revisions\/4703"}],"wp:attachment":[{"href":"https:\/\/www.ateliersophro.com\/index.php\/wp-json\/wp\/v2\/media?parent=4606"}],"curies":[{"name":"wp","href":"https:\/\/api.w.org\/{rel}","templated":true}]}}