{"id":4686,"date":"2025-10-28T13:21:29","date_gmt":"2025-10-28T12:21:29","guid":{"rendered":"https:\/\/www.ateliersophro.com\/?page_id=4686"},"modified":"2025-10-28T13:26:14","modified_gmt":"2025-10-28T12:26:14","slug":"telechargement","status":"publish","type":"page","link":"https:\/\/www.ateliersophro.com\/index.php\/telechargement\/","title":{"rendered":"T\u00e9l\u00e9chargement ebook D\u00e9guise ta m\u00e9t\u00e9orite!"},"content":{"rendered":"","protected":true},"excerpt":{"rendered":"","protected":true},"author":1,"featured_media":0,"parent":0,"menu_order":0,"comment_status":"closed","ping_status":"closed","template":"","meta":{"om_disable_all_campaigns":false,"footnotes":""},"class_list":["post-4686","page","type-page","status-publish","post-password-required","hentry"],"aioseo_notices":[],"_links":{"self":[{"href":"https:\/\/www.ateliersophro.com\/index.php\/wp-json\/wp\/v2\/pages\/4686","targetHints":{"allow":["GET"]}}],"collection":[{"href":"https:\/\/www.ateliersophro.com\/index.php\/wp-json\/wp\/v2\/pages"}],"about":[{"href":"https:\/\/www.ateliersophro.com\/index.php\/wp-json\/wp\/v2\/types\/page"}],"author":[{"embeddable":true,"href":"https:\/\/www.ateliersophro.com\/index.php\/wp-json\/wp\/v2\/users\/1"}],"replies":[{"embeddable":true,"href":"https:\/\/www.ateliersophro.com\/index.php\/wp-json\/wp\/v2\/comments?post=4686"}],"version-history":[{"count":5,"href":"https:\/\/www.ateliersophro.com\/index.php\/wp-json\/wp\/v2\/pages\/4686\/revisions"}],"predecessor-version":[{"id":4694,"href":"https:\/\/www.ateliersophro.com\/index.php\/wp-json\/wp\/v2\/pages\/4686\/revisions\/4694"}],"wp:attachment":[{"href":"https:\/\/www.ateliersophro.com\/index.php\/wp-json\/wp\/v2\/media?parent=4686"}],"curies":[{"name":"wp","href":"https:\/\/api.w.org\/{rel}","templated":true}]}}