{"id":887,"date":"2018-10-19T15:48:06","date_gmt":"2018-10-19T13:48:06","guid":{"rendered":"http:\/\/ateliersophro.com\/?page_id=887"},"modified":"2020-03-14T06:14:06","modified_gmt":"2020-03-14T05:14:06","slug":"newsletter","status":"publish","type":"page","link":"https:\/\/www.ateliersophro.com\/index.php\/newsletter\/","title":{"rendered":"Inscription newsletter"},"content":{"rendered":"\r\n\r\nPour \u00eatre alert\u00e9(e) de l&rsquo;ouverture de nouveaux ateliers et vous pr\u00e9inscrire, abonnez-vous \u00e0 la newsletter des Ateliers de sophrologie.\r\n\r\n\r\n\r\n&nbsp;\r\n\r\n<!-- \/wp:post-content -->\r\n\r\n<!-- wp:paragraph -->\r\n\r\n&nbsp;\r\n\r\n<!-- \/wp:paragraph -->","protected":false},"excerpt":{"rendered":"<p>Pour \u00eatre alert\u00e9(e) de l&rsquo;ouverture de nouveaux ateliers et vous pr\u00e9inscrire, abonnez-vous \u00e0 la newsletter des Ateliers de sophrologie. &nbsp; &nbsp;<\/p>\n","protected":false},"author":1,"featured_media":0,"parent":0,"menu_order":0,"comment_status":"closed","ping_status":"closed","template":"","meta":{"om_disable_all_campaigns":false,"footnotes":""},"class_list":["post-887","page","type-page","status-publish","hentry"],"aioseo_notices":[],"_links":{"self":[{"href":"https:\/\/www.ateliersophro.com\/index.php\/wp-json\/wp\/v2\/pages\/887","targetHints":{"allow":["GET"]}}],"collection":[{"href":"https:\/\/www.ateliersophro.com\/index.php\/wp-json\/wp\/v2\/pages"}],"about":[{"href":"https:\/\/www.ateliersophro.com\/index.php\/wp-json\/wp\/v2\/types\/page"}],"author":[{"embeddable":true,"href":"https:\/\/www.ateliersophro.com\/index.php\/wp-json\/wp\/v2\/users\/1"}],"replies":[{"embeddable":true,"href":"https:\/\/www.ateliersophro.com\/index.php\/wp-json\/wp\/v2\/comments?post=887"}],"version-history":[{"count":11,"href":"https:\/\/www.ateliersophro.com\/index.php\/wp-json\/wp\/v2\/pages\/887\/revisions"}],"predecessor-version":[{"id":1196,"href":"https:\/\/www.ateliersophro.com\/index.php\/wp-json\/wp\/v2\/pages\/887\/revisions\/1196"}],"wp:attachment":[{"href":"https:\/\/www.ateliersophro.com\/index.php\/wp-json\/wp\/v2\/media?parent=887"}],"curies":[{"name":"wp","href":"https:\/\/api.w.org\/{rel}","templated":true}]}}